{"id":1060,"date":"2019-07-29T09:21:45","date_gmt":"2019-07-29T09:21:45","guid":{"rendered":"https:\/\/www.thomashauser.cn\/?page_id=1060"},"modified":"2021-10-11T14:03:43","modified_gmt":"2021-10-11T14:03:43","slug":"atelier-allure","status":"publish","type":"page","link":"https:\/\/www.thomashauser.cn\/de\/atelier-allure\/","title":{"rendered":"ATELIER ALLURE"},"content":{"rendered":"<div class=\"wpb-content-wrapper\"><p>[vc_row][vc_column][vc_column_text animation=&#8220;fadeInUp&#8220;]<strong>ATELIER ALLURE by THOMAS HAUSER ist ein international t\u00e4tiges Labor f\u00fcr Schmuckkreationen h\u00f6chster G\u00fcte. Das 1998 in New York gegr\u00fcndete, seit 2005 in Wien ans\u00e4ssige Schmuck- und Feinjuwelen-Label steht f\u00fcr innovative und handwerklich perfekt ausgef\u00fchrte Juwelier- und Goldschmiedekunst.<\/strong>[\/vc_column_text][vc_column_text animation=&#8220;fadeInUp&#8220;]Goldschmiedetradition, Materialinnovation und Thomas Hausers origin\u00e4re kontempor\u00e4re Formensprache gehen in ATELIER ALLURE eine elegante Symbiose ein. Der Spannungsbogen zwischen tradiertem Handwerk und innovativ-experimentellen Produktionsmethoden und Formensprachen reicht von Fine Jewelry Kleineditionen und Kollektionen \u00fcber ausgewiesene Einzelst\u00fccke bis hin zu individuell beauftragten Preziosen und Feinjuwelen abseits des Mainstream.[\/vc_column_text][vc_column_text animation=&#8220;fadeInUp&#8220;]Diese klare Definition der eigenen DNA in einem Segment, das oft von Beliebigkeit, unscharfer Grammatik und einem verloren gegangenen Theoriefundament gepr\u00e4gt ist, spiegelt die Herangehensweise von THOMAS HAUSER als Gr\u00fcnder von ATELIER ALLURE wider:[\/vc_column_text][vc_column_text animation=&#8220;fadeInUp&#8220;]<strong>Erfahrung und Know-how, akquiriert in den bedeutendsten Schmuckh\u00e4usern weltweit, beste internationale Kontakte sowie Handwerkskunst und hervorstechendes Design flie\u00dfen hier ineinander und sprechen explizit die Nische zeitgen\u00f6ssischer Connaisseurs und wahrer Schmuckliebhaber an, sowie solche, die es noch werden wollen.<\/strong>[\/vc_column_text][vc_raw_html el_class=&#8220;grve-h3 grve-typed-text&#8220;]JTNDc3BhbiUyMGNsYXNzJTNEJTIyZ3J2ZS1hbmltYXRlZC10ZXh0JTIwZ3J2ZS10ZXh0LXByaW1hcnktMSUyMiUzRSUwQSUzQ2ElMjBocmVmJTNEJTIyaHR0cCUzQSUyRiUyRnd3dy5hdGVsaWVyYWxsdXJlLmNvbSUyRmRlJTJGYXRlbGllci1hbGx1cmUlMkZhcHByb2FjaCUyRiUyMiUzRSUwQSUyMCUyMCUyMCUyMCUwOSUzQ3NwYW4lMjBpZCUzRCUyMmdydmUtdHlwZWQtaXRlbS01ZDMyMTM4YWUzNTExJTIyJTNFQVBQUk9BQ0glM0MlMkZzcGFuJTNFJTBBJTNDJTJGYSUzRSUyMCUyMCUyMCUyMCUwQSUzQyUyRnNwYW4lM0UlMEElMEElM0NzY3JpcHQlMjB0eXBlJTNEJTIydGV4dCUyRmphdmFzY3JpcHQlMjIlM0UlMEElMDklMDklMDklMDlqUXVlcnklMjhmdW5jdGlvbiUyOCUyNCUyOSU3QiUyMCUyNCUyOCUyMiUyM2dydmUtdHlwZWQtaXRlbS01ZDMyMTM4YWUzNTExJTIyJTI5LnR5cGVkJTI4JTdCJTBBJTA5JTA5JTA5JTA5JTA5c3RyaW5ncyUzQSUyMCU1QiUyMkFQUFJPQUNIJTIyJTVEJTJDJTBBJTA5JTA5JTA5JTA5JTA5dHlwZVNwZWVkJTNBJTIwMTUwJTJDJTBBJTA5JTA5JTA5JTA5JTA5YmFja1NwZWVkJTNBJTIwLTMwMCUyQyUwQSUwOSUwOSUwOSUwOSUwOXN0YXJ0RGVsYXklM0ElMjAwJTJDJTBBJTA5JTA5JTA5JTA5JTA5YmFja0RlbGF5JTNBJTIwNjAwMCUyQyUwQSUwOSUwOSUwOSUwOSUwOWxvb3AlM0ElMjB0cnVlJTJDJTBBJTA5JTA5JTA5JTA5JTA5bG9vcENvdW50JTNBJTIwZmFsc2UlMkMlMEElMDklMDklMDklMDklMDlzaG93Q3Vyc29yJTNBJTIwZmFsc2UlMkMlMEElMDklMDklMDklMDklMDljdXJzb3JDaGFyJTNBJTIwJTIyJTdDJTIyJTJDJTBBJTA5JTA5JTA5JTA5JTA5Y29udGVudFR5cGUlM0ElMjBudWxsJTJDJTBBJTA5JTA5JTA5JTA5JTA5YXR0ciUzQSUyMG51bGwlMEElMDklMDklMDklMDklN0QlMjklM0IlMEElMDklMDklMDklN0QlMjklM0IlMEElMDklMDklM0MlMkZzY3JpcHQlM0U=[\/vc_raw_html][\/vc_column][\/vc_row]<\/p>\n<\/div>","protected":false},"excerpt":{"rendered":"<p>[vc_row][vc_column][vc_column_text animation=&#8220;fadeInUp&#8220;]ATELIER ALLURE by THOMAS HAUSER ist ein international t\u00e4tiges Labor f\u00fcr Schmuckkreationen h\u00f6chster G\u00fcte. Das 1998 in New York gegr\u00fcndete, seit 2005 in Wien ans\u00e4ssige Schmuck- und Feinjuwelen-Label steht f\u00fcr innovative und handwerklich perfekt ausgef\u00fchrte Juwelier- und Goldschmiedekunst.[\/vc_column_text][vc_column_text animation=&#8220;fadeInUp&#8220;]Goldschmiedetradition, Materialinnovation und Thomas Hausers origin\u00e4re kontempor\u00e4re Formensprache gehen in ATELIER ALLURE eine elegante Symbiose ein. [&hellip;]<\/p>\n","protected":false},"author":2,"featured_media":0,"parent":0,"menu_order":0,"comment_status":"closed","ping_status":"closed","template":"","meta":{"footnotes":""},"class_list":["post-1060","page","type-page","status-publish","hentry"],"_links":{"self":[{"href":"https:\/\/www.thomashauser.cn\/de\/wp-json\/wp\/v2\/pages\/1060","targetHints":{"allow":["GET"]}}],"collection":[{"href":"https:\/\/www.thomashauser.cn\/de\/wp-json\/wp\/v2\/pages"}],"about":[{"href":"https:\/\/www.thomashauser.cn\/de\/wp-json\/wp\/v2\/types\/page"}],"author":[{"embeddable":true,"href":"https:\/\/www.thomashauser.cn\/de\/wp-json\/wp\/v2\/users\/2"}],"replies":[{"embeddable":true,"href":"https:\/\/www.thomashauser.cn\/de\/wp-json\/wp\/v2\/comments?post=1060"}],"version-history":[{"count":1,"href":"https:\/\/www.thomashauser.cn\/de\/wp-json\/wp\/v2\/pages\/1060\/revisions"}],"predecessor-version":[{"id":6300,"href":"https:\/\/www.thomashauser.cn\/de\/wp-json\/wp\/v2\/pages\/1060\/revisions\/6300"}],"wp:attachment":[{"href":"https:\/\/www.thomashauser.cn\/de\/wp-json\/wp\/v2\/media?parent=1060"}],"curies":[{"name":"wp","href":"https:\/\/api.w.org\/{rel}","templated":true}]}}