{"id":1104,"date":"2019-07-29T09:28:49","date_gmt":"2019-07-29T09:28:49","guid":{"rendered":"https:\/\/www.thomashauser.cn\/?page_id=1104"},"modified":"2021-10-11T14:04:44","modified_gmt":"2021-10-11T14:04:44","slug":"approach","status":"publish","type":"page","link":"https:\/\/www.thomashauser.cn\/de\/atelier-allure\/approach\/","title":{"rendered":"APPROACH"},"content":{"rendered":"<div class=\"wpb-content-wrapper\"><p>[vc_row][vc_column css=&#8220;.vc_custom_1563558576017{margin-bottom: 100px !important;}&#8220;][vc_column_text animation=&#8220;fadeInUp&#8220;]<\/p>\r\n<p><strong><\/strong><\/p>\r\n<p class=\"is-layout-flow wp-block-quote-is-layout-flow\"><strong>Handwerkliche Perfektion ist lediglich die Grundvoraussetzung f\u00fcr den Schmuckmacher, das Wesen eines Materials bis in seine molekularen Tiefen ausloten und bewusst in Szene setzen zu k\u00f6nnen.<\/strong><\/p>\r\n<p>[\/vc_column_text][vc_column_text animation=&#8220;fadeInUp&#8220;]<\/p>\r\n<p class=\"is-layout-flow wp-block-quote-is-layout-flow\">Der immaterielle Mehrwert entsteht durch die Kunst weiterer Veredelung der ohnehin bereits kostbaren Materialien. Die jeweiligen Auren von Edelmetallen wie Gold, Platin, aber auch von neuen, revolution\u00e4ren Legierungen wie dem schwarzen Niellium sind so unterschiedlich wie die der sp\u00e4teren Schmucktr\u00e4ger. Diese verschiedenartigen Charaktere des Materials, aber auch der Menschen zu ersp\u00fcren, einzufangen und miteinander zu einem meisterlichen Juwel zu verm\u00e4hlen, ist die Kunst von ATELIER ALLURE.<\/p>\r\n<p>[\/vc_column_text][vc_column_text animation=&#8220;fadeInUp&#8220;]<\/p>\r\n<p>Der Entwurf, die verfeinerte Gestaltung und schlie\u00dflich die Ausf\u00fchrung jedes Schmuckst\u00fccks erfolgen aus einer Hand. Denn \u00fcber Gestalt und Form beginnt das Material selbst zu sprechen.<\/p>\r\n<p>[\/vc_column_text][vc_column_text animation=&#8220;fadeInUp&#8220;]<\/p>\r\n<p><strong>Traditionelle Fertigungstechniken in Kombination mit v\u00f6llig neuen, von ATELIER ALLURE entwickelten Technologien veredeln kostbare Ausgangsmaterialien wie Edelsteine, Edelmetalle und teils auch unkonventionelle Materialien wie beispielsweise spezielle Feinbetone zu zeitgen\u00f6ssischen, zugleich jedoch wohltuend zeitlosen Kleinodien.<\/strong><\/p>\r\n<p>[\/vc_column_text][vc_column_text animation=&#8220;fadeInUp&#8220;]<\/p>\r\n<p>Eine weitere Ausrichtung des Labels besteht darin, dem Schmuck jene Bedeutung zur\u00fcckzugeben, die er zuletzt in der Renaissance erfahren hat: Das raffinierte Schmieden und Verarbeiten kostbarer Materialien als gleichrangiges Gestirn im Ordnungssystem der tradierten Kunstformen Musik, Dichtung, Malerei, Bildhauerei.<\/p>\r\n<p>[\/vc_column_text][vc_column_text animation=&#8220;fadeInUp&#8220;]<\/p>\r\n<p>Dazu geh\u00f6rt unter anderem auch der \u00fcber die Jahrhunderte weitgehend in Vergessenheit geratene Dialog zwischen der Individualit\u00e4t des Schmucktr\u00e4gers einerseits und der Aura und den M\u00f6glichkeiten des Schmuckst\u00fccks andererseits. ATELIER ALLURE ist dazu in der Lage, nicht nur die individuellen W\u00fcnsche von Schmuckliebhabern zu antizipieren, sie zu definieren, sondern sie vielmehr auch treffgenau anzufertigen.<\/p>\r\n<p>[\/vc_column_text][vc_column_text animation=&#8220;fadeInUp&#8220;]<\/p>\r\n<p>So gesehen ist Thomas Hausers Herangehensweise eine alchemistische: Materialien zu kombinieren, zu manipulieren, mit ihnen zu spielen, ihre Eigenwilligkeiten auszureizen und bewusst hervorzukehren, so lange in die Tiefe zu sp\u00fcren, bis ein emotional ansprechendes Schmuckobjekt entsteht, das weit mehr ist als die Summe seiner Teile: <strong>Ein faszinierendes Objekt, das seine Besonderheit nicht nur auf den ersten, sondern auch auf einen zweiten, in die Tiefe gehenden Blick offenbart.<\/strong><\/p>\r\n<p>[\/vc_column_text][vc_raw_html el_class=&#8220;grve-h3 grve-typed-text&#8220;]JTNDc3BhbiUyMGNsYXNzJTNEJTIyZ3J2ZS1hbmltYXRlZC10ZXh0JTIwZ3J2ZS10ZXh0LXByaW1hcnktMSUyMiUzRSUwQSUzQ2ElMjBocmVmJTNEJTIyaHR0cHMlM0ElMkYlMkZ3d3cuYXRlbGllcmFsbHVyZS5jb20lMkZkZSUyRnRob21hcy1oYXVzZXIlMkYlMjIlM0UlMEElMjAlMjAlMjAlMjAlMDklM0NzcGFuJTIwaWQlM0QlMjJncnZlLXR5cGVkLWl0ZW0tNWQzMjEzOGFlMzUxMSUyMiUzRVRIT01BUyUyMEhBVVNFUiUzQyUyRnNwYW4lM0UlMEElM0MlMkZhJTNFJTIwJTIwJTIwJTIwJTBBJTNDJTJGc3BhbiUzRSUwQSUwQSUzQ3NjcmlwdCUyMHR5cGUlM0QlMjJ0ZXh0JTJGamF2YXNjcmlwdCUyMiUzRSUwQSUwOSUwOSUwOSUwOWpRdWVyeSUyOGZ1bmN0aW9uJTI4JTI0JTI5JTdCJTIwJTI0JTI4JTIyJTIzZ3J2ZS10eXBlZC1pdGVtLTVkMzIxMzhhZTM1MTElMjIlMjkudHlwZWQlMjglN0IlMEElMDklMDklMDklMDklMDlzdHJpbmdzJTNBJTIwJTVCJTIyVEhPTUFTJTIwSEFVU0VSJTIyJTVEJTJDJTBBJTA5JTA5JTA5JTA5JTA5dHlwZVNwZWVkJTNBJTIwMTUwJTJDJTBBJTA5JTA5JTA5JTA5JTA5YmFja1NwZWVkJTNBJTIwLTMwMCUyQyUwQSUwOSUwOSUwOSUwOSUwOXN0YXJ0RGVsYXklM0ElMjAwJTJDJTBBJTA5JTA5JTA5JTA5JTA5YmFja0RlbGF5JTNBJTIwNjAwMCUyQyUwQSUwOSUwOSUwOSUwOSUwOWxvb3AlM0ElMjB0cnVlJTJDJTBBJTA5JTA5JTA5JTA5JTA5bG9vcENvdW50JTNBJTIwZmFsc2UlMkMlMEElMDklMDklMDklMDklMDlzaG93Q3Vyc29yJTNBJTIwZmFsc2UlMkMlMEElMDklMDklMDklMDklMDljdXJzb3JDaGFyJTNBJTIwJTIyJTdDJTIyJTJDJTBBJTA5JTA5JTA5JTA5JTA5Y29udGVudFR5cGUlM0ElMjBudWxsJTJDJTBBJTA5JTA5JTA5JTA5JTA5YXR0ciUzQSUyMG51bGwlMEElMDklMDklMDklMDklN0QlMjklM0IlMEElMDklMDklMDklN0QlMjklM0IlMEElMDklMDklM0MlMkZzY3JpcHQlM0U=[\/vc_raw_html][\/vc_column][\/vc_row][vc_row section_type=&#8220;fullwidth&#8220; footer_feature=&#8220;yes&#8220;][vc_column css=&#8220;.vc_custom_1563271994620{margin-top: 0px !important;margin-right: 0px !important;margin-bottom: 0px !important;margin-left: 0px !important;}&#8220;][vc_raw_html css=&#8220;.vc_custom_1564407184010{margin-top: 0px !important;margin-right: 0px !important;margin-bottom: 0px !important;margin-left: 0px !important;}&#8220;]JTNDZGl2JTIwY2xhc3MlM0QlMjJncnZlLXJlbGF0ZWQtcG9zdC13cmFwcGVyJTIyJTNFJTBBJTBBJTNDYXJ0aWNsZSUyMGlkJTNEJTIyZ3J2ZS1wb3J0Zm9saW8tcmVjZW50LTUyMi01ZDJkYTEwZjlmOWEwJTIyJTIwY2xhc3MlM0QlMjJncnZlLXJlbGF0ZWQtaXRlbSUyMHBvc3QtNTIyJTIwcG9ydGZvbGlvJTIwdHlwZS1wb3J0Zm9saW8lMjBzdGF0dXMtcHVibGlzaCUyMGhhcy1wb3N0LXRodW1ibmFpbCUyMGhlbnRyeSUyMHBvcnRmb2xpb19jYXRlZ29yeS10eXBvbG9neSUyMiUyMHN0eWxlJTNEJTIyd2lkdGglM0ElMjA1OTNweCUzQiUyMiUzRSUwQSUwQSUwOSUzQ2ElMjBjbGFzcyUzRCUyMmdydmUtaW1hZ2UtcG9wdXAlMjIlMjBocmVmJTNEJTIyaHR0cHMlM0ElMkYlMkZ3d3cuYXRlbGllcmFsbHVyZS5jb20lMkZ3cC1jb250ZW50JTJGdXBsb2FkcyUyRjIwMTklMkYwNiUyRmFwcHJvYWNoXzEucG5nJTIyJTNFJTBBJTA5JTA5JTNDZGl2JTIwY2xhc3MlM0QlMjJncnZlLWNvbnRlbnQlMjIlM0UlMEElMDklMDklM0MlMkZkaXYlM0UlMEElMDklM0MlMkZhJTNFJTBBJTA5JTA5JTA5JTNDZGl2JTIwY2xhc3MlM0QlMjJncnZlLWJhY2tncm91bmQtd3JhcHBlciUyMiUzRSUwQSUwOSUwOSUwOSUwOSUwOSUwOSUzQ2RpdiUyMGNsYXNzJTNEJTIyZ3J2ZS1iZy1pbWFnZSUyMGdydmUtc2hvdyUyMiUyMHN0eWxlJTNEJTIyYmFja2dyb3VuZC1pbWFnZSUzQSUyMHVybCUyOGh0dHBzJTNBJTJGJTJGd3d3LmF0ZWxpZXJhbGx1cmUuY29tJTJGd3AtY29udGVudCUyRnVwbG9hZHMlMkYyMDE5JTJGMDYlMkZhcHByb2FjaF8xLnBuZyUyOSUzQiUyMiUzRSUzQyUyRmRpdiUzRSUwQSUwOSUwOSUzQyUyRmRpdiUzRSUwQSUwOSUwQSUzQyUyRmFydGljbGUlM0UlMEElM0NhcnRpY2xlJTIwaWQlM0QlMjJncnZlLXBvcnRmb2xpby1yZWNlbnQtNTIwLTVkMmRhMTBmOWZkN2YlMjIlMjBjbGFzcyUzRCUyMmdydmUtcmVsYXRlZC1pdGVtJTIwcG9zdC01MjAlMjBwb3J0Zm9saW8lMjB0eXBlLXBvcnRmb2xpbyUyMHN0YXR1cy1wdWJsaXNoJTIwaGFzLXBvc3QtdGh1bWJuYWlsJTIwaGVudHJ5JTIwcG9ydGZvbGlvX2NhdGVnb3J5LXR5cG9sb2d5JTIyJTIwc3R5bGUlM0QlMjJ3aWR0aCUzQSUyMDU5M3B4JTNCJTIyJTNFJTBBJTBBJTA5JTNDYSUyMGNsYXNzJTNEJTIyZ3J2ZS1pbWFnZS1wb3B1cCUyMiUyMGhyZWYlM0QlMjJodHRwcyUzQSUyRiUyRnd3dy5hdGVsaWVyYWxsdXJlLmNvbSUyRndwLWNvbnRlbnQlMkZ1cGxvYWRzJTJGMjAxOSUyRjA2JTJGYXBwcm9hY2hfMi5wbmclMjIlM0UlMEElMDklMDklM0NkaXYlMjBjbGFzcyUzRCUyMmdydmUtY29udGVudCUyMiUzRSUwQSUwOSUwOSUzQyUyRmRpdiUzRSUwQSUwOSUzQyUyRmElM0UlMEElMDklMDklMDklM0NkaXYlMjBjbGFzcyUzRCUyMmdydmUtYmFja2dyb3VuZC13cmFwcGVyJTIyJTNFJTBBJTA5JTA5JTA5JTA5JTA5JTA5JTNDZGl2JTIwY2xhc3MlM0QlMjJncnZlLWJnLWltYWdlJTIwZ3J2ZS1zaG93JTIyJTIwc3R5bGUlM0QlMjJiYWNrZ3JvdW5kLWltYWdlJTNBJTIwdXJsJTI4aHR0cHMlM0ElMkYlMkZ3d3cuYXRlbGllcmFsbHVyZS5jb20lMkZ3cC1jb250ZW50JTJGdXBsb2FkcyUyRjIwMTklMkYwNiUyRmFwcHJvYWNoXzIucG5nJTI5JTNCJTIyJTNFJTNDJTJGZGl2JTNFJTBBJTA5JTA5JTNDJTJGZGl2JTNFJTBBJTA5JTBBJTNDJTJGYXJ0aWNsZSUzRSUwQSUzQ2FydGljbGUlMjBpZCUzRCUyMmdydmUtcG9ydGZvbGlvLXJlY2VudC01MjEtNWQyZGExMGZhMDExYiUyMiUyMGNsYXNzJTNEJTIyZ3J2ZS1yZWxhdGVkLWl0ZW0lMjBwb3N0LTUyMSUyMHBvcnRmb2xpbyUyMHR5cGUtcG9ydGZvbGlvJTIwc3RhdHVzLXB1Ymxpc2glMjBoYXMtcG9zdC10aHVtYm5haWwlMjBoZW50cnklMjBwb3J0Zm9saW9fY2F0ZWdvcnktdHlwb2xvZ3klMjIlMjBzdHlsZSUzRCUyMndpZHRoJTNBJTIwNTkzcHglM0IlMjIlM0UlMEElMEElMDklM0NhJTIwY2xhc3MlM0QlMjJncnZlLWltYWdlLXBvcHVwJTIyJTIwaHJlZiUzRCUyMmh0dHBzJTNBJTJGJTJGd3d3LmF0ZWxpZXJhbGx1cmUuY29tJTJGd3AtY29udGVudCUyRnVwbG9hZHMlMkYyMDE5JTJGMDYlMkZhcHByb2FjaF8zLnBuZyUyMiUzRSUwQSUwOSUwOSUzQ2RpdiUyMGNsYXNzJTNEJTIyZ3J2ZS1jb250ZW50JTIyJTNFJTBBJTA5JTA5JTNDJTJGZGl2JTNFJTBBJTA5JTNDJTJGYSUzRSUwQSUwOSUwOSUwOSUzQ2RpdiUyMGNsYXNzJTNEJTIyZ3J2ZS1iYWNrZ3JvdW5kLXdyYXBwZXIlMjIlM0UlMEElMDklMDklMDklMDklMDklMDklM0NkaXYlMjBjbGFzcyUzRCUyMmdydmUtYmctaW1hZ2UlMjBncnZlLXNob3clMjIlMjBzdHlsZSUzRCUyMmJhY2tncm91bmQtaW1hZ2UlM0ElMjB1cmwlMjhodHRwcyUzQSUyRiUyRnd3dy5hdGVsaWVyYWxsdXJlLmNvbSUyRndwLWNvbnRlbnQlMkZ1cGxvYWRzJTJGMjAxOSUyRjA2JTJGYXBwcm9hY2hfMy5wbmclMjklM0IlMjIlM0UlM0MlMkZkaXYlM0UlMEElMDklMDklM0MlMkZkaXYlM0UlMEElMDklMEElM0MlMkZhcnRpY2xlJTNFJTA5JTA5JTA5JTA5JTA5JTNDJTJGZGl2JTNF[\/vc_raw_html][\/vc_column][\/vc_row][vc_row][vc_column][vc_column_text]<\/p>\r\n<p>[\/vc_column_text][\/vc_column][\/vc_row]<\/p><\/div>","protected":false},"excerpt":{"rendered":"<p>[vc_row][vc_column css=&#8220;.vc_custom_1563558576017{margin-bottom: 100px !important;}&#8220;][vc_column_text animation=&#8220;fadeInUp&#8220;] Handwerkliche Perfektion ist lediglich die Grundvoraussetzung f\u00fcr den Schmuckmacher, das Wesen eines Materials bis in seine molekularen Tiefen ausloten und bewusst in Szene setzen zu k\u00f6nnen. [\/vc_column_text][vc_column_text animation=&#8220;fadeInUp&#8220;] Der immaterielle Mehrwert entsteht durch die Kunst weiterer Veredelung der ohnehin bereits kostbaren Materialien. Die jeweiligen Auren von Edelmetallen wie Gold, Platin, [&hellip;]<\/p>\n","protected":false},"author":2,"featured_media":0,"parent":1060,"menu_order":0,"comment_status":"closed","ping_status":"closed","template":"","meta":{"footnotes":""},"class_list":["post-1104","page","type-page","status-publish","hentry"],"_links":{"self":[{"href":"https:\/\/www.thomashauser.cn\/de\/wp-json\/wp\/v2\/pages\/1104","targetHints":{"allow":["GET"]}}],"collection":[{"href":"https:\/\/www.thomashauser.cn\/de\/wp-json\/wp\/v2\/pages"}],"about":[{"href":"https:\/\/www.thomashauser.cn\/de\/wp-json\/wp\/v2\/types\/page"}],"author":[{"embeddable":true,"href":"https:\/\/www.thomashauser.cn\/de\/wp-json\/wp\/v2\/users\/2"}],"replies":[{"embeddable":true,"href":"https:\/\/www.thomashauser.cn\/de\/wp-json\/wp\/v2\/comments?post=1104"}],"version-history":[{"count":1,"href":"https:\/\/www.thomashauser.cn\/de\/wp-json\/wp\/v2\/pages\/1104\/revisions"}],"predecessor-version":[{"id":6376,"href":"https:\/\/www.thomashauser.cn\/de\/wp-json\/wp\/v2\/pages\/1104\/revisions\/6376"}],"up":[{"embeddable":true,"href":"https:\/\/www.thomashauser.cn\/de\/wp-json\/wp\/v2\/pages\/1060"}],"wp:attachment":[{"href":"https:\/\/www.thomashauser.cn\/de\/wp-json\/wp\/v2\/media?parent=1104"}],"curies":[{"name":"wp","href":"https:\/\/api.w.org\/{rel}","templated":true}]}}