{"id":1234,"date":"2019-07-29T09:46:59","date_gmt":"2019-07-29T09:46:59","guid":{"rendered":"https:\/\/www.thomashauser.cn\/?page_id=1234"},"modified":"2026-01-21T11:07:30","modified_gmt":"2026-01-21T10:07:30","slug":"thomas-hauser","status":"publish","type":"page","link":"https:\/\/www.thomashauser.cn\/de\/thomas-hauser\/","title":{"rendered":"THOMAS HAUSER"},"content":{"rendered":"<div class=\"wpb-content-wrapper\"><p>[vc_row section_type=&#8220;fullwidth&#8220; equal_column_height=&#8220;middle-content&#8220; tablet_portrait_equal_column_height=&#8220;inherit&#8220;][vc_column width=&#8220;1\/2&#8243; css=&#8220;.vc_custom_1768990010741{padding-right: 100px !important;padding-left: 100px !important;}&#8220;][vc_column_text css=&#8220;&#8220; animation=&#8220;fadeInUp&#8220;]<\/p>\n<div class=\"grve-element grve-text silverText grve-animated-item grve-fadeInLeft grve-animated\" data-delay=\"0\">\n<p><strong>Die Objekte von Thomas Hauser wurden vielfach international ausgezeichnet, etwa mehrfach mit dem Red Dot Award, dem iF-Award und Good Design Award. Der Schmuckmacher ist Handwerker, Metallurg, Ingenieur, Forscher, und Konzeptk\u00fcnstler in einer Person.<\/strong><\/p>\n<p>Die Lekt\u00fcre der von Johann Wolfgang von Goethe \u00fcbersetzten Autobiographie Benvenuto Cellinis \u2013 des bedeutendsten italienischen Goldschmieds und Bildhauers der ausklingenden Renaissance \u2013 war f\u00fcr den damals 15-J\u00e4hrigen der Ausgangspunkt daf\u00fcr, das Goldschmiedehandwerk zu erlernen. Zum Ende seiner Ausbildung gewann er als bester Europ\u00e4er mit 21 Jahren die Silbermedaille bei den Skill Olympics in Birmingham.<\/p>\n<\/div>\n<p>[\/vc_column_text][\/vc_column][vc_column width=&#8220;1\/2&#8243; el_class=&#8220;silverText&#8220;]<div class=\"grve-element grve-image grve-animated-item grve-fadeIn grve-align-center\" style=\"\" data-delay=\"200\"><img loading=\"lazy\" decoding=\"async\" width=\"2133\" height=\"2560\" src=\"https:\/\/atelierallure.com\/wp-content\/uploads\/2020\/06\/TH_PORTRAIT_2020_saturation-1.jpg\" class=\"grve-full-image attachment-full size-full\" alt=\"\" \/><\/div>[\/vc_column][\/vc_row][vc_row section_type=&#8220;fullwidth&#8220; footer_feature=&#8220;yes&#8220; equal_column_height=&#8220;middle-content&#8220; tablet_portrait_equal_column_height=&#8220;inherit&#8220;][vc_column width=&#8220;1\/2&#8243;]<div class=\"grve-element grve-image grve-animated-item grve-fadeIn grve-align-center\" style=\"\" data-delay=\"200\"><img loading=\"lazy\" decoding=\"async\" width=\"1000\" height=\"1369\" src=\"https:\/\/atelierallure.com\/wp-content\/uploads\/2019\/06\/thomas_hauser_1.jpg\" class=\"grve-full-image attachment-full size-full\" alt=\"\" srcset=\"https:\/\/atelierallure.com\/wp-content\/uploads\/2019\/06\/thomas_hauser_1.jpg 1000w, https:\/\/atelierallure.com\/wp-content\/uploads\/2019\/06\/thomas_hauser_1-219x300.jpg 219w, https:\/\/atelierallure.com\/wp-content\/uploads\/2019\/06\/thomas_hauser_1-768x1051.jpg 768w, https:\/\/atelierallure.com\/wp-content\/uploads\/2019\/06\/thomas_hauser_1-748x1024.jpg 748w, https:\/\/atelierallure.com\/wp-content\/uploads\/2019\/06\/thomas_hauser_1-600x821.jpg 600w\" sizes=\"auto, (max-width: 1000px) 100vw, 1000px\" \/><\/div>[\/vc_column][vc_column width=&#8220;1\/2&#8243; el_class=&#8220;silverText&#8220; css=&#8220;.vc_custom_1563098405783{padding-right: 100px !important;padding-left: 100px !important;}&#8220;][vc_column_text animation=&#8220;fadeInUp&#8220;]Seine Weiterbildung f\u00fchrte ihn in der Folge f\u00fcr 12 Jahre nach Paris und New York, wo er 1998 ATELIER ALLURE gr\u00fcndete. Thomas Hauser fertigte Feinjuwelen, Pendulums und Tischobjekte f\u00fcr f\u00fchrende Schmuckh\u00e4user wie Cartier, Tiffany, Boucheron, Chaumet, Mauboussin und kreierte Schmuck und Accessoires f\u00fcr Modeh\u00e4user wie Calvin Klein, Anne Klein und Donna Karan. Parallel dazu lehrte er als Gastprofessor f\u00fcr Jewelry Design an der State University of New York, F.I.T (Fashion Institute of Technology).<\/p>\n<p>&nbsp;<\/p>\n<p><strong>Thomas Hauser ist Schmuckmacher im Sinn des universalistischen Renaissancek\u00fcnstlers: Technik, Handwerk, Forschung und k\u00fcnstlerische Idee verschmelzen in seinen Arbeiten zu \u00e4sthetisch ansprechenden, intellektuell herausfordernden und sinnlichen Skulpturen in Miniaturformat.<\/strong>[\/vc_column_text][\/vc_column][\/vc_row]<\/p>\n<\/div>","protected":false},"excerpt":{"rendered":"<p>[vc_row section_type=&#8220;fullwidth&#8220; equal_column_height=&#8220;middle-content&#8220; tablet_portrait_equal_column_height=&#8220;inherit&#8220;][vc_column width=&#8220;1\/2&#8243; css=&#8220;.vc_custom_1768990010741{padding-right: 100px !important;padding-left: 100px !important;}&#8220;][vc_column_text css=&#8220;&#8220; animation=&#8220;fadeInUp&#8220;] Die Objekte von Thomas Hauser wurden vielfach international ausgezeichnet, etwa mehrfach mit dem Red Dot Award, dem iF-Award und Good Design Award. Der Schmuckmacher ist Handwerker, Metallurg, Ingenieur, Forscher, und Konzeptk\u00fcnstler in einer Person. Die Lekt\u00fcre der von Johann Wolfgang von Goethe \u00fcbersetzten [&hellip;]<\/p>\n","protected":false},"author":2,"featured_media":0,"parent":0,"menu_order":0,"comment_status":"closed","ping_status":"closed","template":"","meta":{"footnotes":""},"class_list":["post-1234","page","type-page","status-publish","hentry"],"_links":{"self":[{"href":"https:\/\/www.thomashauser.cn\/de\/wp-json\/wp\/v2\/pages\/1234","targetHints":{"allow":["GET"]}}],"collection":[{"href":"https:\/\/www.thomashauser.cn\/de\/wp-json\/wp\/v2\/pages"}],"about":[{"href":"https:\/\/www.thomashauser.cn\/de\/wp-json\/wp\/v2\/types\/page"}],"author":[{"embeddable":true,"href":"https:\/\/www.thomashauser.cn\/de\/wp-json\/wp\/v2\/users\/2"}],"replies":[{"embeddable":true,"href":"https:\/\/www.thomashauser.cn\/de\/wp-json\/wp\/v2\/comments?post=1234"}],"version-history":[{"count":9,"href":"https:\/\/www.thomashauser.cn\/de\/wp-json\/wp\/v2\/pages\/1234\/revisions"}],"predecessor-version":[{"id":25919,"href":"https:\/\/www.thomashauser.cn\/de\/wp-json\/wp\/v2\/pages\/1234\/revisions\/25919"}],"wp:attachment":[{"href":"https:\/\/www.thomashauser.cn\/de\/wp-json\/wp\/v2\/media?parent=1234"}],"curies":[{"name":"wp","href":"https:\/\/api.w.org\/{rel}","templated":true}]}}