{"id":1239,"date":"2019-07-29T09:50:19","date_gmt":"2019-07-29T09:50:19","guid":{"rendered":"https:\/\/www.thomashauser.cn\/?page_id=1239"},"modified":"2020-07-07T13:45:50","modified_gmt":"2020-07-07T13:45:50","slug":"niellium","status":"publish","type":"page","link":"https:\/\/www.thomashauser.cn\/de\/niellium\/","title":{"rendered":"NIELLIUM"},"content":{"rendered":"<div class=\"wpb-content-wrapper\"><p>[vc_row][vc_column][vc_column_text animation=&#8220;fadeInUp&#8220;]<\/p>\n<p><strong>Eine Handvoll Metalle, darunter Edelmetalle wie Platin, Palladium und Silber vereinigen sich in Niellium zu einer au\u00dfergew\u00f6hnlichen, weil durchg\u00e4ngig schwarzen Edellegierung, die sich an der Luft nicht \u00e4ndert, und die, weder beschichtet noch oberfl\u00e4chenbehandelt, in ihrer mystischen Schw\u00e4rze einzigartig ist.<\/strong><\/p>\n<p>[\/vc_column_text][vc_column_text animation=&#8220;fadeInUp&#8220;]<\/p>\n<p>Lange war es kaum jemandem gelungen, dieses zwar extrem ansprechende, doch unendlich kaprizi\u00f6se Material zu schmieden und zu einem Schmuckst\u00fcck zu formen. ATELIER ALLURE hat in jahrelanger Forschungsarbeit verschiedene aufwendige Verarbeitungstechniken entwickelt und verfeinert, sodass das schwarze Metall schlie\u00dflich gez\u00e4hmt, geformt, geh\u00e4mmert und zu seiner ganzen Pracht verarbeitet werden konnte.<\/p>\n<p>[\/vc_column_text][vc_column_text animation=&#8220;fadeInUp&#8220;]<\/p>\n<p><strong>Schwarz steht f\u00fcr die Absenz aller Farben und damit f\u00fcr die Abwesenheit des Lichtes. Doch das Auge ist sonnenhaft, und die reine Schw\u00e4rze kann es nie erblicken.<\/strong><\/p>\n<p>[\/vc_column_text][vc_column_text animation=&#8220;fadeInUp&#8220;]<\/p>\n<p><strong>Deshalb nehmen wir Schw\u00e4rze als das dunkelstm\u00f6gliche Grau wahr, und in diesem Sinn steht die geheimnisvolle Materie als Metapher f\u00fcr die Suche nach etwas, das da, jedoch niemals greifbar ist.<\/strong><\/p>\n<p>[\/vc_column_text][vc_column_text animation=&#8220;fadeInUp&#8220;]<\/p>\n<p>Dem Schmucksystem, das dem Licht und seinen Brechungen und Spiegelungen traditionell die Hauptrolle einr\u00e4umt, steht Niellium denn auch als pr\u00e4chtige Antithese gegen\u00fcber, denn nunmehr nimmt sich der Schatten sein Recht. Er darf seine Magie entfalten und den Betrachter in seine Tiefen ziehen. So wie Tanizaki Jun\u2019ichiro in \u201eLob des Schattens\u201c, seiner ber\u00fchmten Analyse der japanischen \u00c4sthetik, \u201edie dem Schatten innewohnende Sch\u00f6nheit\u201c preist.<\/p>\n<p>[\/vc_column_text][vc_raw_html el_class=&#8220;grve-h3 grve-typed-text&#8220;]JTNDc3BhbiUyMGNsYXNzJTNEJTIyZ3J2ZS1hbmltYXRlZC10ZXh0JTIwZ3J2ZS10ZXh0LXByaW1hcnktMSUyMiUzRSUwQSUzQ2ElMjBocmVmJTNEJTIyaHR0cHMlM0ElMkYlMkZ3d3cuYXRlbGllcmFsbHVyZS5jb20lMkZkZSUyRm5pZWxsaXVtJTJGQ0hPUkVVVEVOJTJGJTIyJTNFJTBBJTIwJTIwJTIwJTIwJTA5JTNDc3BhbiUyMGlkJTNEJTIyZ3J2ZS10eXBlZC1pdGVtLTVkMzIxMzhhZTM1MTElMjIlM0VDSE9SRVVURU4lM0MlMkZzcGFuJTNFJTBBJTNDJTJGYSUzRSUyMCUyMCUyMCUyMCUwQSUzQyUyRnNwYW4lM0UlMEElMEElM0NzY3JpcHQlMjB0eXBlJTNEJTIydGV4dCUyRmphdmFzY3JpcHQlMjIlM0UlMEElMDklMDklMDklMDlqUXVlcnklMjhmdW5jdGlvbiUyOCUyNCUyOSU3QiUyMCUyNCUyOCUyMiUyM2dydmUtdHlwZWQtaXRlbS01ZDMyMTM4YWUzNTExJTIyJTI5LnR5cGVkJTI4JTdCJTBBJTA5JTA5JTA5JTA5JTA5c3RyaW5ncyUzQSUyMCU1QiUyMkNIT1JFVVRFTiUyMiU1RCUyQyUwQSUwOSUwOSUwOSUwOSUwOXR5cGVTcGVlZCUzQSUyMDE1MCUyQyUwQSUwOSUwOSUwOSUwOSUwOWJhY2tTcGVlZCUzQSUyMC0zMDAlMkMlMEElMDklMDklMDklMDklMDlzdGFydERlbGF5JTNBJTIwMCUyQyUwQSUwOSUwOSUwOSUwOSUwOWJhY2tEZWxheSUzQSUyMDYwMDAlMkMlMEElMDklMDklMDklMDklMDlsb29wJTNBJTIwdHJ1ZSUyQyUwQSUwOSUwOSUwOSUwOSUwOWxvb3BDb3VudCUzQSUyMGZhbHNlJTJDJTBBJTA5JTA5JTA5JTA5JTA5c2hvd0N1cnNvciUzQSUyMGZhbHNlJTJDJTBBJTA5JTA5JTA5JTA5JTA5Y3Vyc29yQ2hhciUzQSUyMCUyMiU3QyUyMiUyQyUwQSUwOSUwOSUwOSUwOSUwOWNvbnRlbnRUeXBlJTNBJTIwbnVsbCUyQyUwQSUwOSUwOSUwOSUwOSUwOWF0dHIlM0ElMjBudWxsJTBBJTA5JTA5JTA5JTA5JTdEJTI5JTNCJTBBJTA5JTA5JTA5JTdEJTI5JTNCJTBBJTA5JTA5JTNDJTJGc2NyaXB0JTNF[\/vc_raw_html][\/vc_column][\/vc_row]<\/p>\n<\/div>","protected":false},"excerpt":{"rendered":"<p>[vc_row][vc_column][vc_column_text animation=&#8220;fadeInUp&#8220;] Eine Handvoll Metalle, darunter Edelmetalle wie Platin, Palladium und Silber vereinigen sich in Niellium zu einer au\u00dfergew\u00f6hnlichen, weil durchg\u00e4ngig schwarzen Edellegierung, die sich an der Luft nicht \u00e4ndert, und die, weder beschichtet noch oberfl\u00e4chenbehandelt, in ihrer mystischen Schw\u00e4rze einzigartig ist. [\/vc_column_text][vc_column_text animation=&#8220;fadeInUp&#8220;] Lange war es kaum jemandem gelungen, dieses zwar extrem ansprechende, doch [&hellip;]<\/p>\n","protected":false},"author":2,"featured_media":0,"parent":0,"menu_order":0,"comment_status":"closed","ping_status":"closed","template":"","meta":{"footnotes":""},"class_list":["post-1239","page","type-page","status-publish","hentry"],"_links":{"self":[{"href":"https:\/\/www.thomashauser.cn\/de\/wp-json\/wp\/v2\/pages\/1239","targetHints":{"allow":["GET"]}}],"collection":[{"href":"https:\/\/www.thomashauser.cn\/de\/wp-json\/wp\/v2\/pages"}],"about":[{"href":"https:\/\/www.thomashauser.cn\/de\/wp-json\/wp\/v2\/types\/page"}],"author":[{"embeddable":true,"href":"https:\/\/www.thomashauser.cn\/de\/wp-json\/wp\/v2\/users\/2"}],"replies":[{"embeddable":true,"href":"https:\/\/www.thomashauser.cn\/de\/wp-json\/wp\/v2\/comments?post=1239"}],"version-history":[{"count":1,"href":"https:\/\/www.thomashauser.cn\/de\/wp-json\/wp\/v2\/pages\/1239\/revisions"}],"predecessor-version":[{"id":6423,"href":"https:\/\/www.thomashauser.cn\/de\/wp-json\/wp\/v2\/pages\/1239\/revisions\/6423"}],"wp:attachment":[{"href":"https:\/\/www.thomashauser.cn\/de\/wp-json\/wp\/v2\/media?parent=1239"}],"curies":[{"name":"wp","href":"https:\/\/api.w.org\/{rel}","templated":true}]}}