{"id":1250,"date":"2019-07-29T10:02:08","date_gmt":"2019-07-29T10:02:08","guid":{"rendered":"https:\/\/www.thomashauser.cn\/?page_id=1250"},"modified":"2020-07-09T17:08:10","modified_gmt":"2020-07-09T17:08:10","slug":"massive-champagne","status":"publish","type":"page","link":"https:\/\/www.thomashauser.cn\/de\/niellium\/massive-champagne\/","title":{"rendered":"MASSIVE CHAMPAGNE"},"content":{"rendered":"<div class=\"wpb-content-wrapper\"><p>[vc_row][vc_column][vc_column_text animation=&#8220;fadeInUp&#8220;]<\/p>\n<h2>MASSIVE CHAMPAGNE<\/h2>\n<p>Schwarze Diamanten unterschiedlicher Gr\u00f6\u00dfe f\u00fcgen sich wie eine perfekte kristalline Struktur zu einer dicht besetzten Oberfl\u00e4che. F\u00fcnf Ringe bilden die Serie von Massive Champagne. Schwarzer Diamant trifft hier auf schwarzes Metall.[\/vc_column_text][vc_tta_accordion active_section=&#8220;-1&#8243; collapsible_all=&#8220;true&#8220;][vc_tta_section title=&#8220;mehr&#8220; tab_id=&#8220;1560678172642-b982580a-0957&#8243;][vc_column_text]<\/p>\n<p>Niellium wird zum Tr\u00e4germaterial f\u00fcr die in pav\u00e9 gefassten Edelsteine und tritt auch selbst in Szene. Die Steine besetzen nicht den gesamten Ring, sondern konzentrieren sich auf asymmetrische, begrenzte Felder, deren Form und Ausdehnung von Ring zu Ring variieren und jedem eine weitere Dimension verleihen.<\/p>\n<p><strong>So zur\u00fcckhaltend und vornehm die Kollektion auf den ersten Blick wirkt, umso verf\u00fchrerischer wird der n\u00e4here Blick auf die Kleinodien.<\/strong><\/p>\n<p><strong>Die dunkel funkelnden Zonen t\u00e4uschen das Auge mit nur scheinbaren Parallelen und Perspektiven. Die einzelnen Diamanten gehen auf im System, sie werden zu scheinbar fl\u00fcchtigen Ph\u00e4nomenen wie perlender Tau unter dem Mondlicht.<\/strong><\/p>\n<p>Die kleinsten Bl\u00e4schen steigen im Champagner auf, dies unterscheidet ihn von anderem Perlwein. Die Perle wird metaphorisch ins Getr\u00e4nk importiert und zum Verb verwandelt, auch das \u201esparkling\u201c der funkelnde Edelstein wird als Sinnbild herangezogen.<\/p>\n<p>&nbsp;<\/p>\n<p>Der Name \u201eMassive Champagne\u201c erwirkt einen R\u00fcckimport der beiden Schmuckmetaphern aus dem Getr\u00e4nk in die Goldschmiedekunst. Die Reflexe des schwarzen Rings verkn\u00fcpft er mit Glamour und Fest.<\/p>\n<p>[\/vc_column_text][\/vc_tta_section][\/vc_tta_accordion]<div class=\"grve-element grve-gallery grve-isotope grve-gallery-popup grve-with-gap\" style=\"\" data-columns=\"3\" data-columns-tablet-landscape=\"2\" data-columns-tablet-portrait=\"2\" data-columns-mobile=\"1\" data-layout=\"masonry\" data-gutter-size=\"40\">  <div class=\"grve-isotope-container\"><div class=\"grve-isotope-item grve-gallery-item  grve-image-square\">  <a href=\"https:\/\/atelierallure.com\/wp-content\/uploads\/2019\/06\/MC_01.gif\" target=\"_blank\" rel=\"noopener\"><div class=\"grve-isotope-item-inner grve-zoomIn\">    <figure class=\"grve-hover-style-1 grve-image-hover grve-zoom-none\">      <div class=\"grve-media\">        <div class=\"grve-hover-overlay grve-bg-light grve-opacity-90\"><\/div><img loading=\"lazy\" decoding=\"async\" width=\"600\" height=\"600\" src=\"https:\/\/atelierallure.com\/wp-content\/uploads\/2019\/06\/MC_01-600x600.gif\" class=\"attachment-blade-grve-small-square size-blade-grve-small-square\" alt=\"\" srcset=\"https:\/\/atelierallure.com\/wp-content\/uploads\/2019\/06\/MC_01-600x600.gif 600w, https:\/\/atelierallure.com\/wp-content\/uploads\/2019\/06\/MC_01-150x150.gif 150w, https:\/\/atelierallure.com\/wp-content\/uploads\/2019\/06\/MC_01-300x300.gif 300w, https:\/\/atelierallure.com\/wp-content\/uploads\/2019\/06\/MC_01-100x100.gif 100w\" sizes=\"auto, (max-width: 600px) 100vw, 600px\" \/>      <\/div>      <figcaption>        <div class=\"grve-gallery-content\"><h6 class=\"grve-title grve-text-dark\">MC_01<\/h6>        <\/div>      <\/figcaption>    <\/figure><\/div>  <\/a><\/div><div class=\"grve-isotope-item grve-gallery-item  grve-image-square\">  <a href=\"https:\/\/atelierallure.com\/wp-content\/uploads\/2019\/06\/MC_05.gif\" target=\"_blank\" rel=\"noopener\"><div class=\"grve-isotope-item-inner grve-zoomIn\">    <figure class=\"grve-hover-style-1 grve-image-hover grve-zoom-none\">      <div class=\"grve-media\">        <div class=\"grve-hover-overlay grve-bg-light grve-opacity-90\"><\/div><img loading=\"lazy\" decoding=\"async\" width=\"600\" height=\"600\" src=\"https:\/\/atelierallure.com\/wp-content\/uploads\/2019\/06\/MC_05-600x600.gif\" class=\"attachment-blade-grve-small-square size-blade-grve-small-square\" alt=\"\" srcset=\"https:\/\/atelierallure.com\/wp-content\/uploads\/2019\/06\/MC_05-600x600.gif 600w, https:\/\/atelierallure.com\/wp-content\/uploads\/2019\/06\/MC_05-150x150.gif 150w, https:\/\/atelierallure.com\/wp-content\/uploads\/2019\/06\/MC_05-300x300.gif 300w, https:\/\/atelierallure.com\/wp-content\/uploads\/2019\/06\/MC_05-100x100.gif 100w\" sizes=\"auto, (max-width: 600px) 100vw, 600px\" \/>      <\/div>      <figcaption>        <div class=\"grve-gallery-content\"><h6 class=\"grve-title grve-text-dark\">MC_05<\/h6>        <\/div>      <\/figcaption>    <\/figure><\/div>  <\/a><\/div><div class=\"grve-isotope-item grve-gallery-item  grve-image-square\">  <a href=\"https:\/\/atelierallure.com\/wp-content\/uploads\/2019\/06\/MC_04.gif\" target=\"_blank\" rel=\"noopener\"><div class=\"grve-isotope-item-inner grve-zoomIn\">    <figure class=\"grve-hover-style-1 grve-image-hover grve-zoom-none\">      <div class=\"grve-media\">        <div class=\"grve-hover-overlay grve-bg-light grve-opacity-90\"><\/div><img loading=\"lazy\" decoding=\"async\" width=\"600\" height=\"600\" src=\"https:\/\/atelierallure.com\/wp-content\/uploads\/2019\/06\/MC_04-600x600.gif\" class=\"attachment-blade-grve-small-square size-blade-grve-small-square\" alt=\"\" srcset=\"https:\/\/atelierallure.com\/wp-content\/uploads\/2019\/06\/MC_04-600x600.gif 600w, https:\/\/atelierallure.com\/wp-content\/uploads\/2019\/06\/MC_04-150x150.gif 150w, https:\/\/atelierallure.com\/wp-content\/uploads\/2019\/06\/MC_04-300x300.gif 300w, https:\/\/atelierallure.com\/wp-content\/uploads\/2019\/06\/MC_04-100x100.gif 100w\" sizes=\"auto, (max-width: 600px) 100vw, 600px\" \/>      <\/div>      <figcaption>        <div class=\"grve-gallery-content\"><h6 class=\"grve-title grve-text-dark\">MC_04<\/h6>        <\/div>      <\/figcaption>    <\/figure><\/div>  <\/a><\/div><div class=\"grve-isotope-item grve-gallery-item  grve-image-landscape\">  <a href=\"https:\/\/atelierallure.com\/wp-content\/uploads\/2019\/06\/MC_03.gif\" target=\"_blank\" rel=\"noopener\"><div class=\"grve-isotope-item-inner grve-zoomIn\">    <figure class=\"grve-hover-style-1 grve-image-hover grve-zoom-none\">      <div class=\"grve-media\">        <div class=\"grve-hover-overlay grve-bg-light grve-opacity-90\"><\/div><img loading=\"lazy\" decoding=\"async\" width=\"1120\" height=\"1054\" src=\"https:\/\/atelierallure.com\/wp-content\/uploads\/2019\/06\/MC_03-1120x1054.gif\" class=\"attachment-blade-grve-medium-square size-blade-grve-medium-square\" alt=\"\" \/>      <\/div>      <figcaption>        <div class=\"grve-gallery-content\"><h6 class=\"grve-title grve-text-dark\">MC_03<\/h6>        <\/div>      <\/figcaption>    <\/figure><\/div>  <\/a><\/div><div class=\"grve-isotope-item grve-gallery-item  grve-image-square\">  <a href=\"https:\/\/atelierallure.com\/wp-content\/uploads\/2019\/06\/MC_02.gif\" target=\"_blank\" rel=\"noopener\"><div class=\"grve-isotope-item-inner grve-zoomIn\">    <figure class=\"grve-hover-style-1 grve-image-hover grve-zoom-none\">      <div class=\"grve-media\">        <div class=\"grve-hover-overlay grve-bg-light grve-opacity-90\"><\/div><img loading=\"lazy\" decoding=\"async\" width=\"600\" height=\"600\" src=\"https:\/\/atelierallure.com\/wp-content\/uploads\/2019\/06\/MC_02-600x600.gif\" class=\"attachment-blade-grve-small-square size-blade-grve-small-square\" alt=\"\" srcset=\"https:\/\/atelierallure.com\/wp-content\/uploads\/2019\/06\/MC_02-600x600.gif 600w, https:\/\/atelierallure.com\/wp-content\/uploads\/2019\/06\/MC_02-150x150.gif 150w, https:\/\/atelierallure.com\/wp-content\/uploads\/2019\/06\/MC_02-300x300.gif 300w, https:\/\/atelierallure.com\/wp-content\/uploads\/2019\/06\/MC_02-100x100.gif 100w\" sizes=\"auto, (max-width: 600px) 100vw, 600px\" \/>      <\/div>      <figcaption>        <div class=\"grve-gallery-content\"><h6 class=\"grve-title grve-text-dark\">MC_02<\/h6>        <\/div>      <\/figcaption>    <\/figure><\/div>  <\/a><\/div>  <\/div><\/div>[\/vc_column][\/vc_row]<\/p>\n<\/div>","protected":false},"excerpt":{"rendered":"<p>[vc_row][vc_column][vc_column_text animation=&#8220;fadeInUp&#8220;] MASSIVE CHAMPAGNE Schwarze Diamanten unterschiedlicher Gr\u00f6\u00dfe f\u00fcgen sich wie eine perfekte kristalline Struktur zu einer dicht besetzten Oberfl\u00e4che. F\u00fcnf Ringe bilden die Serie von Massive Champagne. Schwarzer Diamant trifft hier auf schwarzes Metall.[\/vc_column_text][vc_tta_accordion active_section=&#8220;-1&#8243; collapsible_all=&#8220;true&#8220;][vc_tta_section title=&#8220;mehr&#8220; tab_id=&#8220;1560678172642-b982580a-0957&#8243;][vc_column_text] Niellium wird zum Tr\u00e4germaterial f\u00fcr die in pav\u00e9 gefassten Edelsteine und tritt auch selbst in Szene. [&hellip;]<\/p>\n","protected":false},"author":2,"featured_media":0,"parent":1239,"menu_order":0,"comment_status":"closed","ping_status":"closed","template":"","meta":{"footnotes":""},"class_list":["post-1250","page","type-page","status-publish","hentry"],"_links":{"self":[{"href":"https:\/\/www.thomashauser.cn\/de\/wp-json\/wp\/v2\/pages\/1250","targetHints":{"allow":["GET"]}}],"collection":[{"href":"https:\/\/www.thomashauser.cn\/de\/wp-json\/wp\/v2\/pages"}],"about":[{"href":"https:\/\/www.thomashauser.cn\/de\/wp-json\/wp\/v2\/types\/page"}],"author":[{"embeddable":true,"href":"https:\/\/www.thomashauser.cn\/de\/wp-json\/wp\/v2\/users\/2"}],"replies":[{"embeddable":true,"href":"https:\/\/www.thomashauser.cn\/de\/wp-json\/wp\/v2\/comments?post=1250"}],"version-history":[{"count":1,"href":"https:\/\/www.thomashauser.cn\/de\/wp-json\/wp\/v2\/pages\/1250\/revisions"}],"predecessor-version":[{"id":6427,"href":"https:\/\/www.thomashauser.cn\/de\/wp-json\/wp\/v2\/pages\/1250\/revisions\/6427"}],"up":[{"embeddable":true,"href":"https:\/\/www.thomashauser.cn\/de\/wp-json\/wp\/v2\/pages\/1239"}],"wp:attachment":[{"href":"https:\/\/www.thomashauser.cn\/de\/wp-json\/wp\/v2\/media?parent=1250"}],"curies":[{"name":"wp","href":"https:\/\/api.w.org\/{rel}","templated":true}]}}