{"id":1258,"date":"2019-07-29T10:06:32","date_gmt":"2019-07-29T10:06:32","guid":{"rendered":"https:\/\/www.thomashauser.cn\/?page_id=1258"},"modified":"2025-12-04T15:08:46","modified_gmt":"2025-12-04T14:08:46","slug":"kontakt","status":"publish","type":"page","link":"https:\/\/www.thomashauser.cn\/de\/kontakt\/","title":{"rendered":"KONTAKT"},"content":{"rendered":"<div class=\"wpb-content-wrapper\"><p>[vc_row][vc_column el_class=&#8220;silverText&#8220;][vc_column_text animation=&#8220;fadeIn&#8220; animation_delay=&#8220;0&#8243;]<\/p>\n<h2>Alle, die Freude an Schmuck empfinden und sich spielerisch auf die Erweiterung ihrer Erfahrungsm\u00f6glichkeiten einlassen wollen, sind \u2013 nat\u00fcrlich v\u00f6llig unverbindlich \u2013 nach Vereinbarung eines Termins willkommen.<\/h2>\n<p>[\/vc_column_text][vc_row_inner][vc_column_inner el_class=&#8220;silverText&#8220; width=&#8220;1\/2&#8243;][vc_column_text animation=&#8220;fadeInUp&#8220;]Thomas Hauser wird mit Ihnen gemeinsam Ihren m\u00f6glichen Schmuckstil erarbeiten und Ihnen die M\u00f6glichkeiten aufzeigen, die Ihnen ATELIER ALLURE bieten kann, wobei ein individuelles, perfekt gearbeitetes Schmuckst\u00fcck keineswegs unleistbar ist.[\/vc_column_text][vc_column_text animation=&#8220;fadeInUp&#8220;]Unternehmen die sich f\u00fcr den Vertrieb unserer Kollektionen und Einzelst\u00fccke interessieren sind ebenfalls herzlich willkommen.[\/vc_column_text][vc_column_text animation=&#8220;fadeInUp&#8220;]<a href=\"https:\/\/www.thomashauser.cn\/de\/besuch-im-atelier\/\"><strong>B<\/strong><strong>ESUCH IM ATELIER<\/strong><\/a>[\/vc_column_text][vc_column_text animation=&#8220;fadeInUp&#8220;]ATELIER ALLURE<br \/>\nThomas Hauser<br \/>\nBastiengasse 23 Suite 15<br \/>\n1180 Vienna \u2013 AT<\/p>\n<p>[\/vc_column_text][vc_column_text animation=&#8220;fadeInUp&#8220;]<a href=\"https:\/\/www.thomashauser.cn\/de\/impressum\/\">impressum<\/a>[\/vc_column_text][\/vc_column_inner][vc_column_inner el_class=&#8220;silverText&#8220; width=&#8220;1\/2&#8243;]\n<div class=\"wpcf7 no-js\" id=\"wpcf7-f1352-o1\" lang=\"en-US\" dir=\"ltr\" data-wpcf7-id=\"1352\">\n<div class=\"screen-reader-response\"><p role=\"status\" aria-live=\"polite\" aria-atomic=\"true\"><\/p> <ul><\/ul><\/div>\n<form action=\"\/de\/wp-json\/wp\/v2\/pages\/1258#wpcf7-f1352-o1\" method=\"post\" class=\"wpcf7-form init\" aria-label=\"Contact form\" novalidate=\"novalidate\" data-status=\"init\">\n<fieldset class=\"hidden-fields-container\"><input type=\"hidden\" name=\"_wpcf7\" value=\"1352\" \/><input type=\"hidden\" name=\"_wpcf7_version\" value=\"6.1.4\" \/><input type=\"hidden\" name=\"_wpcf7_locale\" value=\"en_US\" \/><input type=\"hidden\" name=\"_wpcf7_unit_tag\" value=\"wpcf7-f1352-o1\" \/><input type=\"hidden\" name=\"_wpcf7_container_post\" value=\"0\" \/><input type=\"hidden\" name=\"_wpcf7_posted_data_hash\" value=\"\" \/>\n<\/fieldset>\n<p><label> Name (erforderlich)<br \/>\n<span class=\"wpcf7-form-control-wrap\" data-name=\"your-name\"><input size=\"40\" maxlength=\"400\" class=\"wpcf7-form-control wpcf7-text wpcf7-validates-as-required\" aria-required=\"true\" aria-invalid=\"false\" value=\"\" type=\"text\" name=\"your-name\" \/><\/span> <\/label>\n<\/p>\n<p><label>Email (erforderlich)<br \/>\n<span class=\"wpcf7-form-control-wrap\" data-name=\"your-email\"><input size=\"40\" maxlength=\"400\" class=\"wpcf7-form-control wpcf7-email wpcf7-validates-as-required wpcf7-text wpcf7-validates-as-email\" aria-required=\"true\" aria-invalid=\"false\" value=\"\" type=\"email\" name=\"your-email\" \/><\/span> <\/label>\n<\/p>\n<p><label> Betreff<br \/>\n<span class=\"wpcf7-form-control-wrap\" data-name=\"your-subject\"><input size=\"40\" maxlength=\"400\" class=\"wpcf7-form-control wpcf7-text\" aria-invalid=\"false\" value=\"\" type=\"text\" name=\"your-subject\" \/><\/span> <\/label>\n<\/p>\n<p><label> Nachricht<br \/>\n<span class=\"wpcf7-form-control-wrap\" data-name=\"your-message\"><textarea cols=\"40\" rows=\"10\" maxlength=\"500\" minlength=\"20\" class=\"wpcf7-form-control wpcf7-textarea\" aria-invalid=\"false\" name=\"your-message\"><\/textarea><\/span> <\/label>\n<\/p>\n<p><label><br \/>\n<span class=\"wpcf7-form-control-wrap\" data-name=\"quiz-99\"><label><span class=\"wpcf7-quiz-label\">Spamschutz: 2+3=?<\/span> <input size=\"40\" class=\"wpcf7-form-control wpcf7-quiz\" autocomplete=\"off\" aria-required=\"true\" aria-invalid=\"false\" type=\"text\" name=\"quiz-99\" \/><\/label><input type=\"hidden\" name=\"_wpcf7_quiz_answer_quiz-99\" value=\"e93017dde2b826e55433ec29ec364bcf\" \/><\/span> <\/label>\n<\/p>\n<p><span id=\"wpcf7-69da4dbca1964-wrapper\" class=\"wpcf7-form-control-wrap honeypot-698-wrap\" style=\"display:none !important; visibility:hidden !important;\"><label for=\"wpcf7-69da4dbca1964-field\" class=\"hp-message\">Please leave this field empty.<\/label><input id=\"wpcf7-69da4dbca1964-field\"  class=\"wpcf7-form-control wpcf7-text\" type=\"text\" name=\"honeypot-698\" value=\"\" size=\"40\" tabindex=\"-1\" autocomplete=\"new-password\" \/><\/span>\n<\/p>\n<p><input class=\"wpcf7-form-control wpcf7-submit has-spinner\" type=\"submit\" value=\"Senden\" \/>\n<\/p><div class=\"wpcf7-response-output\" aria-hidden=\"true\"><\/div>\n<\/form>\n<\/div>\n[\/vc_column_inner][\/vc_row_inner][\/vc_column][\/vc_row]<\/p>\n<\/div>","protected":false},"excerpt":{"rendered":"<p>[vc_row][vc_column el_class=&#8220;silverText&#8220;][vc_column_text animation=&#8220;fadeIn&#8220; animation_delay=&#8220;0&#8243;] Alle, die Freude an Schmuck empfinden und sich spielerisch auf die Erweiterung ihrer Erfahrungsm\u00f6glichkeiten einlassen wollen, sind \u2013 nat\u00fcrlich v\u00f6llig unverbindlich \u2013 nach Vereinbarung eines Termins willkommen. [\/vc_column_text][vc_row_inner][vc_column_inner el_class=&#8220;silverText&#8220; width=&#8220;1\/2&#8243;][vc_column_text animation=&#8220;fadeInUp&#8220;]Thomas Hauser wird mit Ihnen gemeinsam Ihren m\u00f6glichen Schmuckstil erarbeiten und Ihnen die M\u00f6glichkeiten aufzeigen, die Ihnen ATELIER ALLURE bieten kann, [&hellip;]<\/p>\n","protected":false},"author":2,"featured_media":0,"parent":0,"menu_order":0,"comment_status":"closed","ping_status":"closed","template":"","meta":{"footnotes":""},"class_list":["post-1258","page","type-page","status-publish","hentry"],"_links":{"self":[{"href":"https:\/\/www.thomashauser.cn\/de\/wp-json\/wp\/v2\/pages\/1258","targetHints":{"allow":["GET"]}}],"collection":[{"href":"https:\/\/www.thomashauser.cn\/de\/wp-json\/wp\/v2\/pages"}],"about":[{"href":"https:\/\/www.thomashauser.cn\/de\/wp-json\/wp\/v2\/types\/page"}],"author":[{"embeddable":true,"href":"https:\/\/www.thomashauser.cn\/de\/wp-json\/wp\/v2\/users\/2"}],"replies":[{"embeddable":true,"href":"https:\/\/www.thomashauser.cn\/de\/wp-json\/wp\/v2\/comments?post=1258"}],"version-history":[{"count":2,"href":"https:\/\/www.thomashauser.cn\/de\/wp-json\/wp\/v2\/pages\/1258\/revisions"}],"predecessor-version":[{"id":25908,"href":"https:\/\/www.thomashauser.cn\/de\/wp-json\/wp\/v2\/pages\/1258\/revisions\/25908"}],"wp:attachment":[{"href":"https:\/\/www.thomashauser.cn\/de\/wp-json\/wp\/v2\/media?parent=1258"}],"curies":[{"name":"wp","href":"https:\/\/api.w.org\/{rel}","templated":true}]}}