{"id":1263,"date":"2019-07-29T10:10:11","date_gmt":"2019-07-29T10:10:11","guid":{"rendered":"https:\/\/www.thomashauser.cn\/?page_id=1263"},"modified":"2020-07-07T12:19:38","modified_gmt":"2020-07-07T12:19:38","slug":"impressum","status":"publish","type":"page","link":"https:\/\/www.thomashauser.cn\/de\/impressum\/","title":{"rendered":"IMPRESSUM"},"content":{"rendered":"<div class=\"wpb-content-wrapper\"><p>[vc_row][vc_column el_class=&#8220;silverText&#8220;][vc_row_inner][vc_column_inner width=&#8220;1\/2&#8243;][vc_column_text]<\/p>\r\n<p><!-- \/wp:post-content --><strong>Verantwortlich f\u00fcr die Website<\/strong><\/p>\r\n<p>[\/vc_column_text][\/vc_column_inner][vc_column_inner width=&#8220;1\/2&#8243;][vc_column_text]<\/p>\r\n<p>ATELIER ALLURE by THOMAS HAUSER e.U.<\/p>\r\n<p><!-- \/wp:paragraph -->\r\n\r\n<!-- wp:paragraph -->Feldgasse 10 Suite 16<br \/>1080 Wien | \u00d6sterreich<\/p>\r\n<p>info@atelierallure.com<br \/>www.atelierallure.com<\/p>\r\n<p>[\/vc_column_text][\/vc_column_inner][\/vc_row_inner]<div class=\"grve-element grve-hr \" style=\"padding-top: 35px;padding-bottom: 35px;\"><div class=\"grve-line-divider\"><\/div><\/div>[vc_row_inner][vc_column_inner width=&#8220;1\/2&#8243;][\/vc_column_inner][vc_column_inner width=&#8220;1\/2&#8243;][vc_column_text]<\/p>\r\n<p>Firmenbuchnummer: FN337110a<br \/>Handelsgericht Wien | \u00d6sterreich<\/p>\r\n<p><!-- \/wp:paragraph -->\u00a0<\/p>\r\n<p><!-- wp:separator --><!-- \/wp:paragraph -->UID ATU61460813<\/p>\r\n<p><!-- \/wp:paragraph -->Gesch\u00e4ftsf\u00fchrung Thomas Hauser<br \/>Gewerbeordung <a href=\"http:\/\/ris.bka.gv.at\/\" target=\"_blank\" rel=\"noreferrer noopener\">www.ris.bka.gv.at<\/a><\/p>\r\n<p>[\/vc_column_text][\/vc_column_inner][\/vc_row_inner]<div class=\"grve-element grve-hr \" style=\"padding-top: 35px;padding-bottom: 35px;\"><div class=\"grve-line-divider\"><\/div><\/div>[vc_row_inner][vc_column_inner width=&#8220;1\/2&#8243;][vc_column_text]<\/p>\r\n<p><!-- \/wp:paragraph --><strong>Website | Concept | Design | Text<\/strong> \u00a0 [\/vc_column_text][\/vc_column_inner][vc_column_inner width=&#8220;1\/2&#8243;][vc_column_text]<\/p>\r\n<p>Thomas Hauser\u00a0 <a href=\"https:\/\/www.thomashauser.cn\/de\/\" target=\"_blank\" rel=\"noreferrer noopener\">www.atelierallure.com<\/a><br \/>Ute Woltron\u00a0 <a href=\"http:\/\/www.utewoltron.at\/\" target=\"_blank\" rel=\"noopener noreferrer\">www.utewoltron.at<\/a><br \/>Wolfgang Pauser\u00a0 <a href=\"http:\/\/www.pauser.cc\/\" target=\"_blank\" rel=\"noopener noreferrer\">www.pauser.cc<\/a><\/p>\r\n<p>[\/vc_column_text][\/vc_column_inner][\/vc_row_inner]<div class=\"grve-element grve-hr \" style=\"padding-top: 35px;padding-bottom: 35px;\"><div class=\"grve-line-divider\"><\/div><\/div>[vc_row_inner][vc_column_inner width=&#8220;1\/2&#8243;][vc_column_text]<\/p>\r\n<p><!-- \/wp:paragraph --><!-- \/wp:paragraph -->\r\n\r\n<!-- wp:separator --><strong>Photos<\/strong><\/p>\r\n<p><!-- \/wp:paragraph -->\r\n\r\n<!-- wp:separator -->[\/vc_column_text][\/vc_column_inner][vc_column_inner width=&#8220;1\/2&#8243;][vc_column_text]<\/p>\r\n<p>Leonhard Hilzensauer <a href=\"http:\/\/www.leonhardhilzensauer.com\/\" target=\"_blank\" rel=\"noreferrer noopener\">www.leonhardhilzensauer.com<\/a><br \/>Robert Striegl \u00a0<a href=\"http:\/\/www.striegl.at\/\" target=\"_blank\" rel=\"noreferrer noopener\">www.striegl.at<\/a><br \/>Wolfram Anderle<\/p>\r\n<p>[\/vc_column_text][\/vc_column_inner][\/vc_row_inner]<div class=\"grve-element grve-hr \" style=\"padding-top: 35px;padding-bottom: 35px;\"><div class=\"grve-line-divider\"><\/div><\/div>[vc_row_inner][vc_column_inner width=&#8220;1\/2&#8243;][vc_column_text]<\/p>\r\n<p class=\"\" data-pm-slice=\"1 1 []\"><strong>Urheberrechte, Nutzungsbedingungen<\/strong><\/p>\r\n<p>[\/vc_column_text][\/vc_column_inner][vc_column_inner width=&#8220;1\/2&#8243;][vc_column_text]<\/p>\r\n<p>Der Inhalt dieser Website ist urheberrechtlich gesch\u00fctzt.\u00a0S\u00e4mtliche Inhalte, Texte und Grafiken sind Eigentum von Atelier Allure by Thomas Hauser.<\/p>\r\n<p>Trotz sorgf\u00e4ltiger Kontrolle, Fehler vorbehalten.<\/p>\r\n<p>[\/vc_column_text][\/vc_column_inner][\/vc_row_inner]<div class=\"grve-element grve-hr \" style=\"padding-top: 35px;padding-bottom: 35px;\"><div class=\"grve-line-divider\"><\/div><\/div>[vc_row_inner][vc_column_inner width=&#8220;1\/2&#8243;][vc_column_text]<\/p>\r\n<p><!-- \/wp:paragraph --><strong>Privacy<\/strong> [\/vc_column_text][\/vc_column_inner][vc_column_inner width=&#8220;1\/2&#8243;][vc_column_text]<\/p>\r\n<p>Wir werden die von Ihnen zur Verf\u00fcgung gestellten Daten streng vertraulich behandeln und nutzen sie nur um Sie \u00fcber Updates in Inside Jewelry zu informieren. Sie k\u00f6nnen diese Updates jederzeit \u00fcber den Abmeldelink abbestellen.<\/p>\r\n<p>[\/vc_column_text][\/vc_column_inner][\/vc_row_inner]<div class=\"grve-element grve-hr \" style=\"padding-top: 35px;padding-bottom: 35px;\"><div class=\"grve-line-divider\"><\/div><\/div>[vc_row_inner][vc_column_inner width=&#8220;1\/2&#8243;][vc_column_text]<\/p>\r\n<p class=\"\" data-pm-slice=\"1 1 []\"><strong>Nutzung von Google Analytics<\/strong><\/p>\r\n<p>[\/vc_column_text][\/vc_column_inner][vc_column_inner width=&#8220;1\/2&#8243;][vc_column_text]<\/p>\r\n<p>Diese Website benutzt Google Analytics, einen Webanalysedienst der Google Inc.\u00a0(\u201eGoogle\u201c) Google Analytics verwendet sog. \u201eCookies\u201c, Textdateien, die auf Ihrem Computer gespeichert werden und die eine Analyse der Benutzung der Website durch Sie erm\u00f6glicht.\u00a0Die durch den Cookie erzeugten Informationen \u00fcber Ihre Benutzung diese Website (einschlie\u00dflich Ihrer IP-Adresse) wird an einen Server der Google in den USA \u00fcbertragen und dort gespeichert. Google wird diese Informationen benutzen, um Ihre Nutzung der Website auszuwerten, um Reports \u00fcber die Websiteaktivit\u00e4ten f\u00fcr die Websitebetreiber zusammenzustellen und um weitere mit der Websitenutzung und der Internetnutzung verbundene Dienstleistungen zu erbringen. Auch wird Google diese Informationen gegebenenfalls an Dritte \u00fcbertragen, sofern dies gesetzlich vorgeschrieben oder soweit Dritte diese Daten im Auftrag von Google verarbeiten. Google wird in keinem Fall Ihre IP-Adresse mit anderen Daten der Google in Verbindung bringen.<\/p>\r\n<p>[\/vc_column_text][\/vc_column_inner][\/vc_row_inner][\/vc_column][\/vc_row]<\/p><\/div>","protected":false},"excerpt":{"rendered":"<p>[vc_row][vc_column el_class=&#8220;silverText&#8220;][vc_row_inner][vc_column_inner width=&#8220;1\/2&#8243;][vc_column_text] Verantwortlich f\u00fcr die Website [\/vc_column_text][\/vc_column_inner][vc_column_inner width=&#8220;1\/2&#8243;][vc_column_text] ATELIER ALLURE by THOMAS HAUSER e.U. Feldgasse 10 Suite 161080 Wien | \u00d6sterreich info@atelierallure.comwww.atelierallure.com [\/vc_column_text][\/vc_column_inner][\/vc_row_inner][vc_row_inner][vc_column_inner width=&#8220;1\/2&#8243;][\/vc_column_inner][vc_column_inner width=&#8220;1\/2&#8243;][vc_column_text] Firmenbuchnummer: FN337110aHandelsgericht Wien | \u00d6sterreich \u00a0 UID ATU61460813 Gesch\u00e4ftsf\u00fchrung Thomas HauserGewerbeordung www.ris.bka.gv.at [\/vc_column_text][\/vc_column_inner][\/vc_row_inner][vc_row_inner][vc_column_inner width=&#8220;1\/2&#8243;][vc_column_text] Website | Concept | Design | Text \u00a0 [\/vc_column_text][\/vc_column_inner][vc_column_inner width=&#8220;1\/2&#8243;][vc_column_text] Thomas Hauser\u00a0 www.atelierallure.comUte Woltron\u00a0 www.utewoltron.atWolfgang [&hellip;]<\/p>\n","protected":false},"author":2,"featured_media":0,"parent":0,"menu_order":0,"comment_status":"closed","ping_status":"closed","template":"","meta":{"footnotes":""},"class_list":["post-1263","page","type-page","status-publish","hentry"],"_links":{"self":[{"href":"https:\/\/www.thomashauser.cn\/de\/wp-json\/wp\/v2\/pages\/1263","targetHints":{"allow":["GET"]}}],"collection":[{"href":"https:\/\/www.thomashauser.cn\/de\/wp-json\/wp\/v2\/pages"}],"about":[{"href":"https:\/\/www.thomashauser.cn\/de\/wp-json\/wp\/v2\/types\/page"}],"author":[{"embeddable":true,"href":"https:\/\/www.thomashauser.cn\/de\/wp-json\/wp\/v2\/users\/2"}],"replies":[{"embeddable":true,"href":"https:\/\/www.thomashauser.cn\/de\/wp-json\/wp\/v2\/comments?post=1263"}],"version-history":[{"count":1,"href":"https:\/\/www.thomashauser.cn\/de\/wp-json\/wp\/v2\/pages\/1263\/revisions"}],"predecessor-version":[{"id":6384,"href":"https:\/\/www.thomashauser.cn\/de\/wp-json\/wp\/v2\/pages\/1263\/revisions\/6384"}],"wp:attachment":[{"href":"https:\/\/www.thomashauser.cn\/de\/wp-json\/wp\/v2\/media?parent=1263"}],"curies":[{"name":"wp","href":"https:\/\/api.w.org\/{rel}","templated":true}]}}