{"id":1270,"date":"2019-07-29T10:17:42","date_gmt":"2019-07-29T10:17:42","guid":{"rendered":"https:\/\/www.thomashauser.cn\/?page_id=1270"},"modified":"2020-07-07T13:54:18","modified_gmt":"2020-07-07T13:54:18","slug":"besuch-im-atelier","status":"publish","type":"page","link":"https:\/\/www.thomashauser.cn\/de\/besuch-im-atelier\/","title":{"rendered":"BESUCH IM ATELIER"},"content":{"rendered":"<div class=\"wpb-content-wrapper\"><p>[vc_row][vc_column][vc_column_text animation=&#8220;fadeInUp&#8220;]<strong>M\u00f6glicherweise erfahren Sie bereits auf dem Weg zu Thomas Hausers Atelier eine Transformation besonderer Art. W\u00e4hrend des kurzen Spaziergangs durch das alte Wiener B\u00fcrgerhaus und durch den malerischen Garten versinkt der Alltagsl\u00e4rm der Stadt, verwandelt sich in eine Atmosph\u00e4re der Ruhe und Kontemplation und schafft die Stimmung, die man braucht, um das Wesentliche zu sp\u00fcren und sich auf das Abenteuer Schmuck einzulassen.<\/strong>[\/vc_column_text][vc_column_text animation=&#8220;fadeInUp&#8220;]Im Gartenatelier erwarten Sie nebst Blick auf den Park: Thomas Hauser, seine Werkst\u00e4tte, ausgesuchte St\u00fccke seiner Kollektion zum Gustieren und Inspirieren und \u2013 das Wichtigste \u2013 ein eingehendes, unverbindliches Gespr\u00e4ch, das sich aufmerksam Ihrem pers\u00f6nlichen Wunsch und Anliegen widmet.[\/vc_column_text][vc_column_text animation=&#8220;fadeInUp&#8220;]Sei es ein ma\u00dfgefertigtes Pr\u00e4sent f\u00fcr einen besonderen Menschen oder ein liebgewonnenes, doch umzuarbeitendes Schmuckst\u00fcck: Thomas Hauser wird mit Ihnen Schritt f\u00fcr Schritt das Werk entwerfen, die Details erarbeiten und dabei selbstverst\u00e4ndlich nach Ihren Budgetvorstellungen vorgehen.[\/vc_column_text][vc_column_text animation=&#8220;fadeInUp&#8220;]<strong>ATELIER ALLURE fertigt zwar Schmuckw\u00fcnsche nach Ma\u00df, doch wertvolle Preziosen m\u00fcssen nicht zwingend kostspielig sein. Egal ob gro\u00dfes oder schmales Budget \u2013 Thomas Hauser wird das Optimum daraus schmieden.<\/strong>[\/vc_column_text]<div class=\"grve-element grve-image grve-animated-item grve-fadeIn grve-align-left\" style=\"\" data-delay=\"200\"><img loading=\"lazy\" decoding=\"async\" width=\"500\" height=\"750\" src=\"https:\/\/atelierallure.com\/wp-content\/uploads\/2019\/06\/VisitTheWorkspace_1.jpg\" class=\"attachment-full size-full\" alt=\"\" srcset=\"https:\/\/atelierallure.com\/wp-content\/uploads\/2019\/06\/VisitTheWorkspace_1.jpg 500w, https:\/\/atelierallure.com\/wp-content\/uploads\/2019\/06\/VisitTheWorkspace_1-200x300.jpg 200w\" sizes=\"auto, (max-width: 500px) 100vw, 500px\" \/><\/div>[\/vc_column][\/vc_row][vc_row][vc_column css=&#8220;.vc_custom_1563558828438{margin-top: 50px !important;}&#8220;][vc_raw_html el_class=&#8220;grve-h3 grve-typed-text&#8220;]JTNDc3BhbiUyMGNsYXNzJTNEJTIyZ3J2ZS1hbmltYXRlZC10ZXh0JTIwZ3J2ZS10ZXh0LXByaW1hcnktMSUyMiUzRSUwQSUzQ2ElMjBocmVmJTNEJTIyaHR0cCUzQSUyRiUyRnd3dy5hdGVsaWVyYWxsdXJlLmNvbSUyRmRlJTJGa29udGFrdCUyRiUyMiUzRSUwQSUyMCUyMCUyMCUyMCUwOSUzQ3NwYW4lMjBpZCUzRCUyMmdydmUtdHlwZWQtaXRlbS01ZDMyMTM4YWUzNTExJTIyJTNFS09OVEFLVCUzQyUyRnNwYW4lM0UlMEElM0MlMkZhJTNFJTIwJTIwJTIwJTIwJTBBJTNDJTJGc3BhbiUzRSUwQSUwQSUzQ3NjcmlwdCUyMHR5cGUlM0QlMjJ0ZXh0JTJGamF2YXNjcmlwdCUyMiUzRSUwQSUwOSUwOSUwOSUwOWpRdWVyeSUyOGZ1bmN0aW9uJTI4JTI0JTI5JTdCJTIwJTI0JTI4JTIyJTIzZ3J2ZS10eXBlZC1pdGVtLTVkMzIxMzhhZTM1MTElMjIlMjkudHlwZWQlMjglN0IlMEElMDklMDklMDklMDklMDlzdHJpbmdzJTNBJTIwJTVCJTIyS09OVEFLVCUyMiU1RCUyQyUwQSUwOSUwOSUwOSUwOSUwOXR5cGVTcGVlZCUzQSUyMDE1MCUyQyUwQSUwOSUwOSUwOSUwOSUwOWJhY2tTcGVlZCUzQSUyMC0zMDAlMkMlMEElMDklMDklMDklMDklMDlzdGFydERlbGF5JTNBJTIwMCUyQyUwQSUwOSUwOSUwOSUwOSUwOWJhY2tEZWxheSUzQSUyMDYwMDAlMkMlMEElMDklMDklMDklMDklMDlsb29wJTNBJTIwdHJ1ZSUyQyUwQSUwOSUwOSUwOSUwOSUwOWxvb3BDb3VudCUzQSUyMGZhbHNlJTJDJTBBJTA5JTA5JTA5JTA5JTA5c2hvd0N1cnNvciUzQSUyMGZhbHNlJTJDJTBBJTA5JTA5JTA5JTA5JTA5Y3Vyc29yQ2hhciUzQSUyMCUyMiU3QyUyMiUyQyUwQSUwOSUwOSUwOSUwOSUwOWNvbnRlbnRUeXBlJTNBJTIwbnVsbCUyQyUwQSUwOSUwOSUwOSUwOSUwOWF0dHIlM0ElMjBudWxsJTBBJTA5JTA5JTA5JTA5JTdEJTI5JTNCJTBBJTA5JTA5JTA5JTdEJTI5JTNCJTBBJTA5JTA5JTNDJTJGc2NyaXB0JTNF[\/vc_raw_html][\/vc_column][\/vc_row]<\/p>\n<\/div>","protected":false},"excerpt":{"rendered":"<p>[vc_row][vc_column][vc_column_text animation=&#8220;fadeInUp&#8220;]M\u00f6glicherweise erfahren Sie bereits auf dem Weg zu Thomas Hausers Atelier eine Transformation besonderer Art. W\u00e4hrend des kurzen Spaziergangs durch das alte Wiener B\u00fcrgerhaus und durch den malerischen Garten versinkt der Alltagsl\u00e4rm der Stadt, verwandelt sich in eine Atmosph\u00e4re der Ruhe und Kontemplation und schafft die Stimmung, die man braucht, um das Wesentliche zu [&hellip;]<\/p>\n","protected":false},"author":2,"featured_media":0,"parent":0,"menu_order":0,"comment_status":"closed","ping_status":"closed","template":"","meta":{"footnotes":""},"class_list":["post-1270","page","type-page","status-publish","hentry"],"_links":{"self":[{"href":"https:\/\/www.thomashauser.cn\/de\/wp-json\/wp\/v2\/pages\/1270","targetHints":{"allow":["GET"]}}],"collection":[{"href":"https:\/\/www.thomashauser.cn\/de\/wp-json\/wp\/v2\/pages"}],"about":[{"href":"https:\/\/www.thomashauser.cn\/de\/wp-json\/wp\/v2\/types\/page"}],"author":[{"embeddable":true,"href":"https:\/\/www.thomashauser.cn\/de\/wp-json\/wp\/v2\/users\/2"}],"replies":[{"embeddable":true,"href":"https:\/\/www.thomashauser.cn\/de\/wp-json\/wp\/v2\/comments?post=1270"}],"version-history":[{"count":1,"href":"https:\/\/www.thomashauser.cn\/de\/wp-json\/wp\/v2\/pages\/1270\/revisions"}],"predecessor-version":[{"id":6431,"href":"https:\/\/www.thomashauser.cn\/de\/wp-json\/wp\/v2\/pages\/1270\/revisions\/6431"}],"wp:attachment":[{"href":"https:\/\/www.thomashauser.cn\/de\/wp-json\/wp\/v2\/media?parent=1270"}],"curies":[{"name":"wp","href":"https:\/\/api.w.org\/{rel}","templated":true}]}}