{"id":1276,"date":"2019-07-29T10:22:35","date_gmt":"2019-07-29T10:22:35","guid":{"rendered":"https:\/\/www.thomashauser.cn\/?page_id=1276"},"modified":"2020-07-07T12:04:50","modified_gmt":"2020-07-07T12:04:50","slug":"aus-dem-atelier","status":"publish","type":"page","link":"https:\/\/www.thomashauser.cn\/de\/aus-dem-atelier\/","title":{"rendered":"AUS DEM ATELIER"},"content":{"rendered":"<div class=\"wpb-content-wrapper\"><p>[vc_row][vc_column css=&#8220;.vc_custom_1563558718522{margin-bottom: 100px !important;}&#8220;][vc_column_text animation=&#8220;fadeInUp&#8220;]<strong>Zentrumsnah und doch abgeschieden liegt mit der Goldschmiede von ATELIER ALLURE die Homebase des Unternehmens. In einem der letzten noch existierenden Wiener \u201eSalettl\u201c, einem \u00fcber hundert Jahre alten Gartenhaus des Historismus, hat Thomas Hauser das ideale Ambiente f\u00fcr seine Werkstatt und den idealen Ort f\u00fcr kreative Prozesse gefunden.<\/strong>[\/vc_column_text][vc_column_text animation=&#8220;fadeInUp&#8220;]Die Stille des unerwartet wildromantischen, weitl\u00e4ufigen Hofgartens wirkt inmitten des Gro\u00dfstadtl\u00e4rms wie ein aus der Zeit gefallener Raum der Kontemplation, wo die Konzentration auf das Wesentliche wieder m\u00f6glich wird.[\/vc_column_text][vc_column_text animation=&#8220;fadeInUp&#8220;]In diesem zur Werkstatt verfeinerten Garten-Lusth\u00e4uschen entstehen nicht nur die Schmuckobjekte. Hierher kommt auch die Kundschaft, um sich beraten zu lassen, um Kontakt zu kn\u00fcpfen und sich inspirieren und M\u00f6glichkeiten pr\u00e4sentieren zu lassen. Die individuelle Vorstellung des Kunden wird ausformuliert und sodann gemeinsam mit dem Schmuckmacher definiert, um schlie\u00dflich individuell ma\u00dfgeschneidert Gestalt anzunehmen.[\/vc_column_text][vc_column_text animation=&#8220;fadeInUp&#8220;]<strong>Thomas Hauser: \u201eF\u00fcr mich ist Schmuck gegenst\u00e4ndlicher Ausdruck einer Pers\u00f6nlichkeit. Im Gespr\u00e4ch mit dem Privatkunden erfahre ich seine Gewohnheiten und W\u00fcnsche. Dann zeige ich, was mit meinen Materialien und Vorstellungen alles m\u00f6glich ist.<\/strong>[\/vc_column_text][vc_column_text animation=&#8220;fadeInUp&#8220;]Wenn wir das optimale Schmuckst\u00fcck definiert haben, beginne ich mit der Produktion. Somit geh\u00f6rt der individualisierte Designprozess f\u00fcr mich genauso zum Produkt wie das St\u00fcck selbst. In einem Gesch\u00e4ft oder von der Stange bekommen sie ein sch\u00f6nes Schmuckst\u00fcck nach ihrem Geschmack. In meinem Atelier erhalten Sie ein Unikat nach Ihren W\u00fcnschen. Jede Arbeit ist ganz mein Werk.\u201c[\/vc_column_text][vc_raw_html el_class=&#8220;grve-h3 grve-typed-text&#8220;]JTNDc3BhbiUyMGNsYXNzJTNEJTIyZ3J2ZS1hbmltYXRlZC10ZXh0JTIwZ3J2ZS10ZXh0LXByaW1hcnktMSUyMiUzRSUwQSUzQ2ElMjBocmVmJTNEJTIyaHR0cHMlM0ElMkYlMkZ3d3cuYXRlbGllcmFsbHVyZS5jb20lMkZkZSUyRmJlc3VjaC1pbS1hdGVsaWVyJTJGJTIyJTNFJTBBJTIwJTIwJTIwJTIwJTA5JTNDc3BhbiUyMGlkJTNEJTIyZ3J2ZS10eXBlZC1pdGVtLTVkMzIxMzhhZTM1MTElMjIlM0VCRVNVQ0glMjBJTSUyMEFURUxJRVIlM0MlMkZzcGFuJTNFJTBBJTNDJTJGYSUzRSUyMCUyMCUyMCUyMCUwQSUzQyUyRnNwYW4lM0UlMEElMEElM0NzY3JpcHQlMjB0eXBlJTNEJTIydGV4dCUyRmphdmFzY3JpcHQlMjIlM0UlMEElMDklMDklMDklMDlqUXVlcnklMjhmdW5jdGlvbiUyOCUyNCUyOSU3QiUyMCUyNCUyOCUyMiUyM2dydmUtdHlwZWQtaXRlbS01ZDMyMTM4YWUzNTExJTIyJTI5LnR5cGVkJTI4JTdCJTBBJTA5JTA5JTA5JTA5JTA5c3RyaW5ncyUzQSUyMCU1QiUyMkJFU1VDSCUyMElNJTIwQVRFTElFUiUyMiU1RCUyQyUwQSUwOSUwOSUwOSUwOSUwOXR5cGVTcGVlZCUzQSUyMDE1MCUyQyUwQSUwOSUwOSUwOSUwOSUwOWJhY2tTcGVlZCUzQSUyMC0zMDAlMkMlMEElMDklMDklMDklMDklMDlzdGFydERlbGF5JTNBJTIwMCUyQyUwQSUwOSUwOSUwOSUwOSUwOWJhY2tEZWxheSUzQSUyMDYwMDAlMkMlMEElMDklMDklMDklMDklMDlsb29wJTNBJTIwdHJ1ZSUyQyUwQSUwOSUwOSUwOSUwOSUwOWxvb3BDb3VudCUzQSUyMGZhbHNlJTJDJTBBJTA5JTA5JTA5JTA5JTA5c2hvd0N1cnNvciUzQSUyMGZhbHNlJTJDJTBBJTA5JTA5JTA5JTA5JTA5Y3Vyc29yQ2hhciUzQSUyMCUyMiU3QyUyMiUyQyUwQSUwOSUwOSUwOSUwOSUwOWNvbnRlbnRUeXBlJTNBJTIwbnVsbCUyQyUwQSUwOSUwOSUwOSUwOSUwOWF0dHIlM0ElMjBudWxsJTBBJTA5JTA5JTA5JTA5JTdEJTI5JTNCJTBBJTA5JTA5JTA5JTdEJTI5JTNCJTBBJTA5JTA5JTNDJTJGc2NyaXB0JTNF[\/vc_raw_html][\/vc_column][\/vc_row][vc_row section_type=&#8220;fullwidth&#8220; footer_feature=&#8220;yes&#8220;][vc_column css=&#8220;.vc_custom_1563271540166{margin-top: 0px !important;margin-right: 0px !important;margin-bottom: 0px !important;margin-left: 0px !important;}&#8220;][vc_raw_html css=&#8220;.vc_custom_1564407583161{margin-top: 0px !important;margin-right: 0px !important;margin-bottom: 0px !important;margin-left: 0px !important;}&#8220;]JTNDZGl2JTIwY2xhc3MlM0QlMjJncnZlLXJlbGF0ZWQtcG9zdC13cmFwcGVyJTIyJTNFJTBBJTBBJTNDYXJ0aWNsZSUyMGlkJTNEJTIyZ3J2ZS1wb3J0Zm9saW8tcmVjZW50LTUyMi01ZDJkYTEwZjlmOWEwJTIyJTIwY2xhc3MlM0QlMjJncnZlLXJlbGF0ZWQtaXRlbSUyMHBvc3QtNTIyJTIwcG9ydGZvbGlvJTIwdHlwZS1wb3J0Zm9saW8lMjBzdGF0dXMtcHVibGlzaCUyMGhhcy1wb3N0LXRodW1ibmFpbCUyMGhlbnRyeSUyMHBvcnRmb2xpb19jYXRlZ29yeS10eXBvbG9neSUyMiUyMHN0eWxlJTNEJTIyd2lkdGglM0ElMjA1OTNweCUzQiUyMiUzRSUwQSUwQSUwOSUzQ2ElMjBjbGFzcyUzRCUyMmdydmUtaW1hZ2UtcG9wdXAlMjIlMjBocmVmJTNEJTIyaHR0cHMlM0ElMkYlMkZ3d3cuYXRlbGllcmFsbHVyZS5jb20lMkZ3cC1jb250ZW50JTJGdXBsb2FkcyUyRjIwMTklMkYwNiUyRkF1c0RlbUF0ZWxpZXJfMi5qcGclMjIlM0UlMEElMDklMDklM0NkaXYlMjBjbGFzcyUzRCUyMmdydmUtY29udGVudCUyMiUzRSUwQSUwOSUwOSUzQyUyRmRpdiUzRSUwQSUwOSUzQyUyRmElM0UlMEElMDklMDklMDklM0NkaXYlMjBjbGFzcyUzRCUyMmdydmUtYmFja2dyb3VuZC13cmFwcGVyJTIyJTNFJTBBJTA5JTA5JTA5JTA5JTA5JTA5JTNDZGl2JTIwY2xhc3MlM0QlMjJncnZlLWJnLWltYWdlJTIwZ3J2ZS1zaG93JTIyJTIwc3R5bGUlM0QlMjJiYWNrZ3JvdW5kLWltYWdlJTNBJTIwdXJsJTI4aHR0cHMlM0ElMkYlMkZ3d3cuYXRlbGllcmFsbHVyZS5jb20lMkZ3cC1jb250ZW50JTJGdXBsb2FkcyUyRjIwMTklMkYwNiUyRkF1c0RlbUF0ZWxpZXJfMi5qcGclMjklM0IlMjIlM0UlM0MlMkZkaXYlM0UlMEElMDklMDklM0MlMkZkaXYlM0UlMEElMDklMEElM0MlMkZhcnRpY2xlJTNFJTBBJTNDYXJ0aWNsZSUyMGlkJTNEJTIyZ3J2ZS1wb3J0Zm9saW8tcmVjZW50LTUyMC01ZDJkYTEwZjlmZDdmJTIyJTIwY2xhc3MlM0QlMjJncnZlLXJlbGF0ZWQtaXRlbSUyMHBvc3QtNTIwJTIwcG9ydGZvbGlvJTIwdHlwZS1wb3J0Zm9saW8lMjBzdGF0dXMtcHVibGlzaCUyMGhhcy1wb3N0LXRodW1ibmFpbCUyMGhlbnRyeSUyMHBvcnRmb2xpb19jYXRlZ29yeS10eXBvbG9neSUyMiUyMHN0eWxlJTNEJTIyd2lkdGglM0ElMjA1OTNweCUzQiUyMiUzRSUwQSUwQSUwOSUzQ2ElMjBjbGFzcyUzRCUyMmdydmUtaW1hZ2UtcG9wdXAlMjIlMjBocmVmJTNEJTIyaHR0cHMlM0ElMkYlMkZ3d3cuYXRlbGllcmFsbHVyZS5jb20lMkZ3cC1jb250ZW50JTJGdXBsb2FkcyUyRjIwMTklMkYwNiUyRkF1c0RlbUF0ZWxpZXJfMy5qcGclMjIlM0UlMEElMDklMDklM0NkaXYlMjBjbGFzcyUzRCUyMmdydmUtY29udGVudCUyMiUzRSUwQSUwOSUwOSUzQyUyRmRpdiUzRSUwQSUwOSUzQyUyRmElM0UlMEElMDklMDklMDklM0NkaXYlMjBjbGFzcyUzRCUyMmdydmUtYmFja2dyb3VuZC13cmFwcGVyJTIyJTNFJTBBJTA5JTA5JTA5JTA5JTA5JTA5JTNDZGl2JTIwY2xhc3MlM0QlMjJncnZlLWJnLWltYWdlJTIwZ3J2ZS1zaG93JTIyJTIwc3R5bGUlM0QlMjJiYWNrZ3JvdW5kLWltYWdlJTNBJTIwdXJsJTI4aHR0cHMlM0ElMkYlMkZ3d3cuYXRlbGllcmFsbHVyZS5jb20lMkZ3cC1jb250ZW50JTJGdXBsb2FkcyUyRjIwMTklMkYwNiUyRkF1c0RlbUF0ZWxpZXJfMy5qcGclMjklM0IlMjIlM0UlM0MlMkZkaXYlM0UlMEElMDklMDklM0MlMkZkaXYlM0UlMEElMDklMEElM0MlMkZhcnRpY2xlJTNFJTBBJTNDYXJ0aWNsZSUyMGlkJTNEJTIyZ3J2ZS1wb3J0Zm9saW8tcmVjZW50LTUyMS01ZDJkYTEwZmEwMTFiJTIyJTIwY2xhc3MlM0QlMjJncnZlLXJlbGF0ZWQtaXRlbSUyMHBvc3QtNTIxJTIwcG9ydGZvbGlvJTIwdHlwZS1wb3J0Zm9saW8lMjBzdGF0dXMtcHVibGlzaCUyMGhhcy1wb3N0LXRodW1ibmFpbCUyMGhlbnRyeSUyMHBvcnRmb2xpb19jYXRlZ29yeS10eXBvbG9neSUyMiUyMHN0eWxlJTNEJTIyd2lkdGglM0ElMjA1OTNweCUzQiUyMiUzRSUwQSUwQSUwOSUzQ2ElMjBjbGFzcyUzRCUyMmdydmUtaW1hZ2UtcG9wdXAlMjIlMjBocmVmJTNEJTIyaHR0cHMlM0ElMkYlMkZ3d3cuYXRlbGllcmFsbHVyZS5jb20lMkZ3cC1jb250ZW50JTJGdXBsb2FkcyUyRjIwMTklMkYwNiUyRkF1c0RlbUF0ZWxpZXJfNC5qcGclMjIlM0UlMEElMDklMDklM0NkaXYlMjBjbGFzcyUzRCUyMmdydmUtY29udGVudCUyMiUzRSUwQSUwOSUwOSUzQyUyRmRpdiUzRSUwQSUwOSUzQyUyRmElM0UlMEElMDklMDklMDklM0NkaXYlMjBjbGFzcyUzRCUyMmdydmUtYmFja2dyb3VuZC13cmFwcGVyJTIyJTNFJTBBJTA5JTA5JTA5JTA5JTA5JTA5JTNDZGl2JTIwY2xhc3MlM0QlMjJncnZlLWJnLWltYWdlJTIwZ3J2ZS1zaG93JTIyJTIwc3R5bGUlM0QlMjJiYWNrZ3JvdW5kLWltYWdlJTNBJTIwdXJsJTI4aHR0cHMlM0ElMkYlMkZ3d3cuYXRlbGllcmFsbHVyZS5jb20lMkZ3cC1jb250ZW50JTJGdXBsb2FkcyUyRjIwMTklMkYwNiUyRkF1c0RlbUF0ZWxpZXJfNC5qcGclMjklM0IlMjIlM0UlM0MlMkZkaXYlM0UlMEElMDklMDklM0MlMkZkaXYlM0UlMEElMDklMEElM0MlMkZhcnRpY2xlJTNFJTA5JTA5JTA5JTA5JTA5JTNDJTJGZGl2JTNF[\/vc_raw_html][\/vc_column][\/vc_row]<\/p>\n<\/div>","protected":false},"excerpt":{"rendered":"<p>[vc_row][vc_column css=&#8220;.vc_custom_1563558718522{margin-bottom: 100px !important;}&#8220;][vc_column_text animation=&#8220;fadeInUp&#8220;]Zentrumsnah und doch abgeschieden liegt mit der Goldschmiede von ATELIER ALLURE die Homebase des Unternehmens. In einem der letzten noch existierenden Wiener \u201eSalettl\u201c, einem \u00fcber hundert Jahre alten Gartenhaus des Historismus, hat Thomas Hauser das ideale Ambiente f\u00fcr seine Werkstatt und den idealen Ort f\u00fcr kreative Prozesse gefunden.[\/vc_column_text][vc_column_text animation=&#8220;fadeInUp&#8220;]Die Stille des [&hellip;]<\/p>\n","protected":false},"author":2,"featured_media":0,"parent":0,"menu_order":0,"comment_status":"closed","ping_status":"closed","template":"","meta":{"footnotes":""},"class_list":["post-1276","page","type-page","status-publish","hentry"],"_links":{"self":[{"href":"https:\/\/www.thomashauser.cn\/de\/wp-json\/wp\/v2\/pages\/1276","targetHints":{"allow":["GET"]}}],"collection":[{"href":"https:\/\/www.thomashauser.cn\/de\/wp-json\/wp\/v2\/pages"}],"about":[{"href":"https:\/\/www.thomashauser.cn\/de\/wp-json\/wp\/v2\/types\/page"}],"author":[{"embeddable":true,"href":"https:\/\/www.thomashauser.cn\/de\/wp-json\/wp\/v2\/users\/2"}],"replies":[{"embeddable":true,"href":"https:\/\/www.thomashauser.cn\/de\/wp-json\/wp\/v2\/comments?post=1276"}],"version-history":[{"count":1,"href":"https:\/\/www.thomashauser.cn\/de\/wp-json\/wp\/v2\/pages\/1276\/revisions"}],"predecessor-version":[{"id":6377,"href":"https:\/\/www.thomashauser.cn\/de\/wp-json\/wp\/v2\/pages\/1276\/revisions\/6377"}],"wp:attachment":[{"href":"https:\/\/www.thomashauser.cn\/de\/wp-json\/wp\/v2\/media?parent=1276"}],"curies":[{"name":"wp","href":"https:\/\/api.w.org\/{rel}","templated":true}]}}