{"id":1285,"date":"2019-07-29T10:30:44","date_gmt":"2019-07-29T10:30:44","guid":{"rendered":"https:\/\/www.thomashauser.cn\/?page_id=1285"},"modified":"2020-07-07T13:17:52","modified_gmt":"2020-07-07T13:17:52","slug":"black","status":"publish","type":"page","link":"https:\/\/www.thomashauser.cn\/de\/jewels\/black\/","title":{"rendered":"BLACK"},"content":{"rendered":"<div class=\"wpb-content-wrapper\"><p>[vc_row section_type=&#8220;fullwidth&#8220; footer_feature=&#8220;yes&#8220; equal_column_height=&#8220;equal-column&#8220;][vc_column width=&#8220;1\/2&#8243; css=&#8220;.vc_custom_1563964100472{margin-top: 125px !important;}&#8220; el_class=&#8220;portfolioImage&#8220;]<div class=\"grve-element grve-image grve-animated-item grve-fadeIn grve-align-center\" style=\"margin-bottom: 0px;\" data-delay=\"200\"><img loading=\"lazy\" decoding=\"async\" width=\"1620\" height=\"1185\" src=\"https:\/\/atelierallure.com\/wp-content\/uploads\/2019\/07\/Ohr-Bagutte-Rosa.jpg\" class=\"grve-full-image attachment-full size-full\" alt=\"\" srcset=\"https:\/\/atelierallure.com\/wp-content\/uploads\/2019\/07\/Ohr-Bagutte-Rosa.jpg 1620w, https:\/\/atelierallure.com\/wp-content\/uploads\/2019\/07\/Ohr-Bagutte-Rosa-300x219.jpg 300w, https:\/\/atelierallure.com\/wp-content\/uploads\/2019\/07\/Ohr-Bagutte-Rosa-768x562.jpg 768w, https:\/\/atelierallure.com\/wp-content\/uploads\/2019\/07\/Ohr-Bagutte-Rosa-1024x749.jpg 1024w, https:\/\/atelierallure.com\/wp-content\/uploads\/2019\/07\/Ohr-Bagutte-Rosa-600x439.jpg 600w\" sizes=\"auto, (max-width: 1620px) 100vw, 1620px\" \/><\/div>[\/vc_column][vc_column width=&#8220;1\/2&#8243; css=&#8220;.vc_custom_1563964105377{padding-top: 50px !important;padding-right: 50px !important;padding-bottom: 50px !important;padding-left: 50px !important;}&#8220; el_class=&#8220;portfolioText&#8220;]<h3 class=\"grve-element grve-title grve-align-left grve-animated-item grve-fadeInUp grve-h3\" style=\"\" data-delay=\"0\"><span>Black<\/span><\/h3>[vc_column_text animation=&#8220;fadeInUp&#8220;]<strong>So wie jeder Edelstein ein Unikat darstellt, so einzig sind auch diese Preziosen. Kein St\u00fcck gleicht dem anderen, die Steine f\u00fchren hier in harmonischem Zusammenspiel Regie und dominieren die gesamte sichtbare Oberfl\u00e4che.<\/strong>[\/vc_column_text][vc_column_text animation=&#8220;fadeInUp&#8220; animation_delay=&#8220;400&#8243;]<strong>Das Edelmetall tritt zur\u00fcck, bleibt vornehm im Hintergrund. Es fasst die Edelsteine, h\u00e4lt sie, wird zur Matrix, zum Formgeber und Tr\u00e4gerelement.<\/strong>[\/vc_column_text][vc_column_text animation=&#8220;fadeInUp&#8220; animation_delay=&#8220;600&#8243;]BLACK vereinigt h\u00f6chste Handwerkskunst, extreme Pr\u00e4zision und edle Materialien zu einzigartigen, tragbaren Kunstwerken.[\/vc_column_text][\/vc_column][\/vc_row][vc_row section_type=&#8220;fullwidth&#8220; footer_feature=&#8220;yes&#8220;][vc_column css=&#8220;.vc_custom_1563717979303{margin-top: 0px !important;margin-right: 0px !important;margin-bottom: 0px !important;margin-left: 0px !important;}&#8220;][vc_raw_html css=&#8220;.vc_custom_1564407365563{margin-top: 0px !important;margin-right: 0px !important;margin-bottom: 0px !important;margin-left: 0px !important;}&#8220;]JTNDZGl2JTIwaWQlM0QlMjJncnZlLXBvcnRmb2xpby1iYXIlMjIlMjBjbGFzcyUzRCUyMmdydmUtbmF2aWdhdGlvbi1iYXIlMjBncnZlLXNpbmd1bGFyLXNlY3Rpb24lMjBncnZlLWZ1bGx3aWR0aCUyMGNsZWFyZml4JTIyJTNFJTBBJTA5JTA5JTA5JTA5JTNDZGl2JTIwY2xhc3MlM0QlMjJncnZlLWNvbnRhaW5lciUyMiUzRSUwQSUwOSUwOSUwOSUwOSUwOSUzQ2RpdiUyMGNsYXNzJTNEJTIyZ3J2ZS13cmFwcGVyJTIyJTNFJTBBJTBBJTA5JTA5JTA5JTA5JTA5JTA5JTNDZGl2JTIwY2xhc3MlM0QlMjJncnZlLXBvc3QtYmFyLWl0ZW0lMjIlM0UlMEElMDklMDklMDklMDklMDklMDklMDklMEElMDklMDklMDklMDklMDklMDklMDklMEElMEElMDklMDklMDklMDklMDklMDklMDklMDklMDklMDklMDklMDklMDklM0MlMkZkaXYlM0UlMEElMEElMDklMDklMDklMDklMDklMDklM0NkaXYlMjBjbGFzcyUzRCUyMmdydmUtcG9zdC1iYXItaXRlbSUyMGdydmUtcG9zdC1zb2NpYWxzJTIwZ3J2ZS1saXN0LWRpdmlkZXIlMjBncnZlLWxpbmstdGV4dCUyMGdydmUtYWxpZ24tY2VudGVyJTIyJTNFJTBBJTA5JTA5JTA5JTA5JTA5JTA5JTA5JTA5JTA5JTA5JTA5JTA5JTA5JTA5JTA5JTNDYSUyMGhyZWYlM0QlMjJodHRwcyUzQSUyRiUyRnd3dy5hdGVsaWVyYWxsdXJlLmNvbSUyRmRlJTJGamV3ZWxzJTJGJTIyJTIwY2xhc3MlM0QlMjJncnZlLWJhY2tsaW5rJTIyJTNFJTNDaSUyMGNsYXNzJTNEJTIyZ3J2ZS1pY29uLWJhY2tsaW5rJTIyJTNFJTNDJTJGaSUzRSUzQyUyRmElM0UlMEElMDklMDklMDklMDklMDklMDklMDklMDklMDklMDklMDklMDklMDklMDklMDklMDklMDklMDklMDklMDklM0MlMkZkaXYlM0UlMEElMEElMDklMDklMDklMDklMDklMDklM0NkaXYlMjBjbGFzcyUzRCUyMmdydmUtcG9zdC1iYXItaXRlbSUyMiUzRSUwQSUwOSUwOSUwOSUwOSUwOSUwOSUwOSUwOSUwOSUwOSUwOSUwOSUwOSUzQyUyRmRpdiUzRSUwQSUwQSUwOSUwOSUwOSUwOSUwOSUzQyUyRmRpdiUzRSUwQSUwOSUwOSUwOSUwOSUzQyUyRmRpdiUzRSUwQSUwOSUwOSUwOSUzQyUyRmRpdiUzRSUwQSUwQSUzQ2RpdiUyMGlkJTNEJTIyZ3J2ZS1yZWxhdGVkLXBvc3QlMjIlMjBjbGFzcyUzRCUyMmdydmUtc2luZ3VsYXItc2VjdGlvbiUyMGdydmUtZnVsbHdpZHRoJTIwY2xlYXJmaXglMjIlM0UlMEElMDklMDklMDklM0NkaXYlMjBjbGFzcyUzRCUyMmdydmUtY29udGFpbmVyJTIwZ3J2ZS1wYWRkaW5nLXRvcC1tZCUyMGdydmUtYm9yZGVyJTIwZ3J2ZS1ib3JkZXItdG9wJTIyJTNFJTBBJTA5JTA5JTA5JTA5JTNDZGl2JTIwY2xhc3MlM0QlMjJncnZlLXJlbGF0ZWQtcG9zdC13cmFwcGVyJTIyJTNFJTBBJTBBJTNDYXJ0aWNsZSUyMGlkJTNEJTIyZ3J2ZS1wb3J0Zm9saW8tcmVjZW50LTUyMi01ZDM0NzA2MDAzY2UxJTIyJTIwY2xhc3MlM0QlMjJncnZlLXJlbGF0ZWQtaXRlbSUyMHBvc3QtNTIyJTIwcG9ydGZvbGlvJTIwdHlwZS1wb3J0Zm9saW8lMjBzdGF0dXMtcHVibGlzaCUyMGhhcy1wb3N0LXRodW1ibmFpbCUyMGhlbnRyeSUyMHBvcnRmb2xpb19jYXRlZ29yeS10eXBvbG9neSUyMiUyMHN0eWxlJTNEJTIyd2lkdGglM0ElMjA1NjlweCUzQiUyMiUzRSUwQSUwQSUwOSUzQ2ElMjBocmVmJTNEJTIyaHR0cHMlM0ElMkYlMkZ3d3cuYXRlbGllcmFsbHVyZS5jb20lMkZkZSUyRmpld2VscyUyRndoaXRlJTJGJTIyJTNFJTBBJTA5JTA5JTNDZGl2JTIwY2xhc3MlM0QlMjJncnZlLWNvbnRlbnQlMjIlM0UlMEElM0NoNSUyMGNsYXNzJTNEJTIyZ3J2ZS10aXRsZSUyMiUzRVdISVRFJTNDJTJGaDUlM0UlMEElMDklMDklM0MlMkZkaXYlM0UlMEElMDklM0MlMkZhJTNFJTBBJTA5JTA5JTA5JTNDZGl2JTIwY2xhc3MlM0QlMjJncnZlLWJhY2tncm91bmQtd3JhcHBlciUyMiUzRSUwQSUwOSUwOSUwOSUwOSUwOSUwOSUzQ2RpdiUyMGNsYXNzJTNEJTIyZ3J2ZS1iZy1pbWFnZSUyMGdydmUtc2hvdyUyMiUyMHN0eWxlJTNEJTIyYmFja2dyb3VuZC1pbWFnZSUzQSUyMHVybCUyOGh0dHBzJTNBJTJGJTJGd3d3LmF0ZWxpZXJhbGx1cmUuY29tJTJGd3AtY29udGVudCUyRnVwbG9hZHMlMkYyMDE5JTJGMDYlMkZKRVdFTF9XSElURV92Mi5qcGclMjklM0IlMjIlM0UlM0MlMkZkaXYlM0UlMEElMDklMDklM0MlMkZkaXYlM0UlMEElMDklMEElM0MlMkZhcnRpY2xlJTNFJTBBJTNDYXJ0aWNsZSUyMGlkJTNEJTIyZ3J2ZS1wb3J0Zm9saW8tcmVjZW50LTUyMC01ZDM0NzA2MDA0MmEyJTIyJTIwY2xhc3MlM0QlMjJncnZlLXJlbGF0ZWQtaXRlbSUyMHBvc3QtNTIwJTIwcG9ydGZvbGlvJTIwdHlwZS1wb3J0Zm9saW8lMjBzdGF0dXMtcHVibGlzaCUyMGhhcy1wb3N0LXRodW1ibmFpbCUyMGhlbnRyeSUyMHBvcnRmb2xpb19jYXRlZ29yeS10eXBvbG9neSUyMiUyMHN0eWxlJTNEJTIyd2lkdGglM0ElMjA1NjlweCUzQiUyMiUzRSUwQSUwQSUwOSUzQ2ElMjBocmVmJTNEJTIyaHR0cHMlM0ElMkYlMkZ3d3cuYXRlbGllcmFsbHVyZS5jb20lMkZkZSUyRmpld2VscyUyRmdyZXktcGx1cyUyRiUyMiUzRSUwQSUwOSUwOSUzQ2RpdiUyMGNsYXNzJTNEJTIyZ3J2ZS1jb250ZW50JTIyJTNFJTBBJTA5JTA5JTA5JTNDaDUlMjBjbGFzcyUzRCUyMmdydmUtdGl0bGUlMjIlM0VHUkVZJTIwUExVUyUzQyUyRmg1JTNFJTBBJTA5JTA5JTNDJTJGZGl2JTNFJTBBJTA5JTNDJTJGYSUzRSUwQSUwOSUwOSUwOSUzQ2RpdiUyMGNsYXNzJTNEJTIyZ3J2ZS1iYWNrZ3JvdW5kLXdyYXBwZXIlMjIlM0UlMEElMDklMDklMDklMDklMDklMDklM0NkaXYlMjBjbGFzcyUzRCUyMmdydmUtYmctaW1hZ2UlMjBncnZlLXNob3clMjIlMjBzdHlsZSUzRCUyMmJhY2tncm91bmQtaW1hZ2UlM0ElMjB1cmwlMjhodHRwcyUzQSUyRiUyRnd3dy5hdGVsaWVyYWxsdXJlLmNvbSUyRndwLWNvbnRlbnQlMkZ1cGxvYWRzJTJGMjAxOSUyRjA2JTJGSkVXRUxfR1JFWV9QTFVTX3YyLmpwZyUyOSUzQiUyMiUzRSUzQyUyRmRpdiUzRSUwQSUwOSUwOSUzQyUyRmRpdiUzRSUwQSUwOSUwQSUzQyUyRmFydGljbGUlM0UlMEElM0NhcnRpY2xlJTIwaWQlM0QlMjJncnZlLXBvcnRmb2xpby1yZWNlbnQtNTIxLTVkMzQ3MDYwMDQ5NGElMjIlMjBjbGFzcyUzRCUyMmdydmUtcmVsYXRlZC1pdGVtJTIwcG9zdC01MjElMjBwb3J0Zm9saW8lMjB0eXBlLXBvcnRmb2xpbyUyMHN0YXR1cy1wdWJsaXNoJTIwaGFzLXBvc3QtdGh1bWJuYWlsJTIwaGVudHJ5JTIwcG9ydGZvbGlvX2NhdGVnb3J5LXR5cG9sb2d5JTIyJTIwc3R5bGUlM0QlMjJ3aWR0aCUzQSUyMDU2OXB4JTNCJTIyJTNFJTBBJTBBJTA5JTNDYSUyMGhyZWYlM0QlMjJodHRwcyUzQSUyRiUyRnd3dy5hdGVsaWVyYWxsdXJlLmNvbSUyRmRlJTJGamV3ZWxzJTJGZ3JleS1wdXJlJTJGJTIyJTNFJTBBJTA5JTA5JTNDZGl2JTIwY2xhc3MlM0QlMjJncnZlLWNvbnRlbnQlMjIlM0UlMEElMDklMDklMDklM0NoNSUyMGNsYXNzJTNEJTIyZ3J2ZS10aXRsZSUyMiUzRUdSRVklMjBQVVJFJTNDJTJGaDUlM0UlMEElMDklMDklM0MlMkZkaXYlM0UlMEElMDklM0MlMkZhJTNFJTBBJTA5JTA5JTA5JTNDZGl2JTIwY2xhc3MlM0QlMjJncnZlLWJhY2tncm91bmQtd3JhcHBlciUyMiUzRSUwQSUwOSUwOSUwOSUwOSUwOSUwOSUzQ2RpdiUyMGNsYXNzJTNEJTIyZ3J2ZS1iZy1pbWFnZSUyMGdydmUtc2hvdyUyMiUyMHN0eWxlJTNEJTIyYmFja2dyb3VuZC1pbWFnZSUzQSUyMHVybCUyOGh0dHBzJTNBJTJGJTJGd3d3LmF0ZWxpZXJhbGx1cmUuY29tJTJGd3AtY29udGVudCUyRnVwbG9hZHMlMkYyMDE5JTJGMDYlMkZKRVdFTF9HUkVZX1BVUkVfdjIuanBnJTI5JTNCJTIyJTNFJTNDJTJGZGl2JTNFJTBBJTA5JTA5JTNDJTJGZGl2JTNFJTBBJTA5JTBBJTNDJTJGYXJ0aWNsZSUzRSUwOSUwOSUwOSUwOSUzQyUyRmRpdiUzRSUwQSUwOSUwOSUwOSUzQyUyRmRpdiUzRSUwQSUwOSUwOSUzQyUyRmRpdiUzRQ==[\/vc_raw_html][\/vc_column][\/vc_row]<\/p>\n<\/div>","protected":false},"excerpt":{"rendered":"<p>[vc_row section_type=&#8220;fullwidth&#8220; footer_feature=&#8220;yes&#8220; equal_column_height=&#8220;equal-column&#8220;][vc_column width=&#8220;1\/2&#8243; css=&#8220;.vc_custom_1563964100472{margin-top: 125px !important;}&#8220; el_class=&#8220;portfolioImage&#8220;][\/vc_column][vc_column width=&#8220;1\/2&#8243; css=&#8220;.vc_custom_1563964105377{padding-top: 50px !important;padding-right: 50px !important;padding-bottom: 50px !important;padding-left: 50px !important;}&#8220; el_class=&#8220;portfolioText&#8220;][vc_column_text animation=&#8220;fadeInUp&#8220;]So wie jeder Edelstein ein Unikat darstellt, so einzig sind auch diese Preziosen. Kein St\u00fcck gleicht dem anderen, die Steine f\u00fchren hier in harmonischem Zusammenspiel Regie und dominieren die gesamte sichtbare Oberfl\u00e4che.[\/vc_column_text][vc_column_text animation=&#8220;fadeInUp&#8220; animation_delay=&#8220;400&#8243;]Das Edelmetall [&hellip;]<\/p>\n","protected":false},"author":2,"featured_media":0,"parent":1280,"menu_order":0,"comment_status":"closed","ping_status":"closed","template":"","meta":{"footnotes":""},"class_list":["post-1285","page","type-page","status-publish","hentry"],"_links":{"self":[{"href":"https:\/\/www.thomashauser.cn\/de\/wp-json\/wp\/v2\/pages\/1285","targetHints":{"allow":["GET"]}}],"collection":[{"href":"https:\/\/www.thomashauser.cn\/de\/wp-json\/wp\/v2\/pages"}],"about":[{"href":"https:\/\/www.thomashauser.cn\/de\/wp-json\/wp\/v2\/types\/page"}],"author":[{"embeddable":true,"href":"https:\/\/www.thomashauser.cn\/de\/wp-json\/wp\/v2\/users\/2"}],"replies":[{"embeddable":true,"href":"https:\/\/www.thomashauser.cn\/de\/wp-json\/wp\/v2\/comments?post=1285"}],"version-history":[{"count":1,"href":"https:\/\/www.thomashauser.cn\/de\/wp-json\/wp\/v2\/pages\/1285\/revisions"}],"predecessor-version":[{"id":6412,"href":"https:\/\/www.thomashauser.cn\/de\/wp-json\/wp\/v2\/pages\/1285\/revisions\/6412"}],"up":[{"embeddable":true,"href":"https:\/\/www.thomashauser.cn\/de\/wp-json\/wp\/v2\/pages\/1280"}],"wp:attachment":[{"href":"https:\/\/www.thomashauser.cn\/de\/wp-json\/wp\/v2\/media?parent=1285"}],"curies":[{"name":"wp","href":"https:\/\/api.w.org\/{rel}","templated":true}]}}