{"id":1288,"date":"2019-07-29T10:32:43","date_gmt":"2019-07-29T10:32:43","guid":{"rendered":"https:\/\/www.thomashauser.cn\/?page_id=1288"},"modified":"2020-07-07T13:27:37","modified_gmt":"2020-07-07T13:27:37","slug":"white","status":"publish","type":"page","link":"https:\/\/www.thomashauser.cn\/de\/jewels\/white\/","title":{"rendered":"WHITE"},"content":{"rendered":"<div class=\"wpb-content-wrapper\"><p>[vc_row section_type=&#8220;fullwidth&#8220; footer_feature=&#8220;yes&#8220; equal_column_height=&#8220;equal-column&#8220;][vc_column width=&#8220;1\/2&#8243; css=&#8220;.vc_custom_1563964119459{margin-top: 125px !important;}&#8220; el_class=&#8220;portfolioImage&#8220;]<div class=\"grve-element grve-image grve-animated-item grve-fadeIn grve-align-center\" style=\"\" data-delay=\"200\"><img loading=\"lazy\" decoding=\"async\" width=\"1000\" height=\"698\" src=\"https:\/\/atelierallure.com\/wp-content\/uploads\/2019\/07\/white_v2.jpg\" class=\"attachment-full size-full\" alt=\"\" srcset=\"https:\/\/atelierallure.com\/wp-content\/uploads\/2019\/07\/white_v2.jpg 1000w, https:\/\/atelierallure.com\/wp-content\/uploads\/2019\/07\/white_v2-300x209.jpg 300w, https:\/\/atelierallure.com\/wp-content\/uploads\/2019\/07\/white_v2-768x536.jpg 768w, https:\/\/atelierallure.com\/wp-content\/uploads\/2019\/07\/white_v2-600x419.jpg 600w\" sizes=\"auto, (max-width: 1000px) 100vw, 1000px\" \/><\/div>[\/vc_column][vc_column width=&#8220;1\/2&#8243; css=&#8220;.vc_custom_1563964115376{padding-top: 50px !important;padding-right: 50px !important;padding-bottom: 50px !important;padding-left: 50px !important;}&#8220; el_class=&#8220;portfolioText&#8220;]<h3 class=\"grve-element grve-title grve-align-left grve-animated-item grve-fadeInUp grve-h3\" style=\"\" data-delay=\"0\"><span>WHITE<\/span><\/h3>[vc_column_text animation=&#8220;fadeInUp&#8220;]<strong>Diese Schmuckst\u00fccke mit kalibrierten Steinen, also mit Edelsteinen gleicher Art und gleichen Schliffs, verspr\u00fchen Freude an kontempor\u00e4rer Formensprache und Lust am Experiment.<\/strong>[\/vc_column_text][vc_column_text animation=&#8220;fadeInUp&#8220; animation_delay=&#8220;400&#8243;]<strong>Am Beginn steht die gestalterische Idee, in die aus dem Entwurfsprozess hervorgehenden Formen werden in der Folge Steine eingebaut, eingeschliffen und eingefasst.<\/strong>[\/vc_column_text][vc_column_text animation=&#8220;fadeInUp&#8220; animation_delay=&#8220;600&#8243;]WHITE Eigenkreationen reflektieren aktuelle Trends und erscheinen in limitierten Kleineditionen, die jedoch in ihren Proportionen an die sp\u00e4teren Tr\u00e4gerinnen und Tr\u00e4ger angepasst werden k\u00f6nnen.[\/vc_column_text][\/vc_column][\/vc_row][vc_row section_type=&#8220;fullwidth&#8220; footer_feature=&#8220;yes&#8220;][vc_column][vc_raw_html css=&#8220;.vc_custom_1564407458633{margin-top: 0px !important;margin-right: 0px !important;margin-bottom: 0px !important;margin-left: 0px !important;}&#8220;]JTNDZGl2JTIwaWQlM0QlMjJncnZlLXBvcnRmb2xpby1iYXIlMjIlMjBjbGFzcyUzRCUyMmdydmUtbmF2aWdhdGlvbi1iYXIlMjBncnZlLXNpbmd1bGFyLXNlY3Rpb24lMjBncnZlLWZ1bGx3aWR0aCUyMGNsZWFyZml4JTIyJTNFJTBBJTA5JTA5JTA5JTA5JTNDZGl2JTIwY2xhc3MlM0QlMjJncnZlLWNvbnRhaW5lciUyMiUzRSUwQSUwOSUwOSUwOSUwOSUwOSUzQ2RpdiUyMGNsYXNzJTNEJTIyZ3J2ZS13cmFwcGVyJTIyJTNFJTBBJTBBJTA5JTA5JTA5JTA5JTA5JTA5JTNDZGl2JTIwY2xhc3MlM0QlMjJncnZlLXBvc3QtYmFyLWl0ZW0lMjIlM0UlMEElMDklMDklMDklMDklMDklMDklMDklMEElMDklMDklMDklMDklMDklMDklMDklMEElMEElMDklMDklMDklMDklMDklMDklMDklMDklMDklMDklMDklMDklMDklM0MlMkZkaXYlM0UlMEElMEElMDklMDklMDklMDklMDklMDklM0NkaXYlMjBjbGFzcyUzRCUyMmdydmUtcG9zdC1iYXItaXRlbSUyMGdydmUtcG9zdC1zb2NpYWxzJTIwZ3J2ZS1saXN0LWRpdmlkZXIlMjBncnZlLWxpbmstdGV4dCUyMGdydmUtYWxpZ24tY2VudGVyJTIyJTNFJTBBJTA5JTA5JTA5JTA5JTA5JTA5JTA5JTA5JTA5JTA5JTA5JTA5JTA5JTA5JTA5JTNDYSUyMGhyZWYlM0QlMjJodHRwcyUzQSUyRiUyRnd3dy5hdGVsaWVyYWxsdXJlLmNvbSUyRmRlJTJGamV3ZWxzJTJGJTIyJTIwY2xhc3MlM0QlMjJncnZlLWJhY2tsaW5rJTIyJTNFJTNDaSUyMGNsYXNzJTNEJTIyZ3J2ZS1pY29uLWJhY2tsaW5rJTIyJTNFJTNDJTJGaSUzRSUzQyUyRmElM0UlMEElMDklMDklMDklMDklMDklMDklMDklMDklMDklMDklMDklMDklMDklMDklMDklMDklMDklMDklMDklMDklM0MlMkZkaXYlM0UlMEElMEElMDklMDklMDklMDklMDklMDklM0NkaXYlMjBjbGFzcyUzRCUyMmdydmUtcG9zdC1iYXItaXRlbSUyMiUzRSUwQSUwOSUwOSUwOSUwOSUwOSUwOSUwOSUwQSUwOSUwOSUwOSUwOSUwOSUwOSUwOSUwQSUwOSUwOSUwOSUwOSUwOSUwOSUwOSUwOSUwOSUwOSUwOSUwOSUwOSUzQyUyRmRpdiUzRSUwQSUwQSUwOSUwOSUwOSUwOSUwOSUzQyUyRmRpdiUzRSUwQSUwOSUwOSUwOSUwOSUzQyUyRmRpdiUzRSUwQSUwOSUwOSUwOSUzQyUyRmRpdiUzRSUwQSUzQ2RpdiUyMGlkJTNEJTIyZ3J2ZS1yZWxhdGVkLXBvc3QlMjIlMjBjbGFzcyUzRCUyMmdydmUtc2luZ3VsYXItc2VjdGlvbiUyMGdydmUtZnVsbHdpZHRoJTIwY2xlYXJmaXglMjIlM0UlMEElMDklMDklMDklM0NkaXYlMjBjbGFzcyUzRCUyMmdydmUtY29udGFpbmVyJTIwZ3J2ZS1wYWRkaW5nLXRvcC1tZCUyMGdydmUtYm9yZGVyJTIwZ3J2ZS1ib3JkZXItdG9wJTIyJTNFJTBBJTA5JTA5JTA5JTA5JTNDZGl2JTIwY2xhc3MlM0QlMjJncnZlLXJlbGF0ZWQtcG9zdC13cmFwcGVyJTIyJTNFJTBBJTBBJTNDYXJ0aWNsZSUyMGlkJTNEJTIyZ3J2ZS1wb3J0Zm9saW8tcmVjZW50LTUwMS01ZDM0NzE4NTMzNzVkJTIyJTIwY2xhc3MlM0QlMjJncnZlLXJlbGF0ZWQtaXRlbSUyMHBvc3QtNTAxJTIwcG9ydGZvbGlvJTIwdHlwZS1wb3J0Zm9saW8lMjBzdGF0dXMtcHVibGlzaCUyMGhhcy1wb3N0LXRodW1ibmFpbCUyMGhlbnRyeSUyMHBvcnRmb2xpb19jYXRlZ29yeS10eXBvbG9neSUyMiUyMHN0eWxlJTNEJTIyd2lkdGglM0ElMjA1NjhweCUzQiUyMiUzRSUwQSUwQSUwOSUzQ2ElMjBocmVmJTNEJTIyaHR0cHMlM0ElMkYlMkZ3d3cuYXRlbGllcmFsbHVyZS5jb20lMkZkZSUyRmpld2VscyUyRmJsYWNrJTJGJTIyJTNFJTBBJTA5JTA5JTNDZGl2JTIwY2xhc3MlM0QlMjJncnZlLWNvbnRlbnQlMjIlM0UlMEElMDklMDklMDklM0NoNSUyMGNsYXNzJTNEJTIyZ3J2ZS10aXRsZSUyMiUzRUJMQUNLJTNDJTJGaDUlM0UlMEElMDklMDklM0MlMkZkaXYlM0UlMEElMDklM0MlMkZhJTNFJTBBJTA5JTA5JTA5JTNDZGl2JTIwY2xhc3MlM0QlMjJncnZlLWJhY2tncm91bmQtd3JhcHBlciUyMiUzRSUwQSUwOSUwOSUwOSUwOSUwOSUwOSUzQ2RpdiUyMGNsYXNzJTNEJTIyZ3J2ZS1iZy1pbWFnZSUyMGdydmUtc2hvdyUyMiUyMHN0eWxlJTNEJTIyYmFja2dyb3VuZC1pbWFnZSUzQSUyMHVybCUyOGh0dHBzJTNBJTJGJTJGd3d3LmF0ZWxpZXJhbGx1cmUuY29tJTJGd3AtY29udGVudCUyRnVwbG9hZHMlMkYyMDE5JTJGMDYlMkZKRVdFTF9CTEFDS192Mi5qcGclMjklM0IlMjIlM0UlM0MlMkZkaXYlM0UlMEElMDklMDklM0MlMkZkaXYlM0UlMEElMDklMEElM0MlMkZhcnRpY2xlJTNFJTBBJTNDYXJ0aWNsZSUyMGlkJTNEJTIyZ3J2ZS1wb3J0Zm9saW8tcmVjZW50LTUyMC01ZDM0NzE4NTMzYmExJTIyJTIwY2xhc3MlM0QlMjJncnZlLXJlbGF0ZWQtaXRlbSUyMHBvc3QtNTIwJTIwcG9ydGZvbGlvJTIwdHlwZS1wb3J0Zm9saW8lMjBzdGF0dXMtcHVibGlzaCUyMGhhcy1wb3N0LXRodW1ibmFpbCUyMGhlbnRyeSUyMHBvcnRmb2xpb19jYXRlZ29yeS10eXBvbG9neSUyMiUyMHN0eWxlJTNEJTIyd2lkdGglM0ElMjA1NjhweCUzQiUyMiUzRSUwQSUwQSUwOSUzQ2ElMjBocmVmJTNEJTIyaHR0cHMlM0ElMkYlMkZ3d3cuYXRlbGllcmFsbHVyZS5jb20lMkZkZSUyRmpld2VscyUyRmdyZXktcGx1cyUyRiUyMiUzRSUwQSUwOSUwOSUzQ2RpdiUyMGNsYXNzJTNEJTIyZ3J2ZS1jb250ZW50JTIyJTNFJTBBJTA5JTA5JTA5JTNDaDUlMjBjbGFzcyUzRCUyMmdydmUtdGl0bGUlMjIlM0VHUkVZJTIwUExVUyUzQyUyRmg1JTNFJTBBJTA5JTA5JTNDJTJGZGl2JTNFJTBBJTA5JTNDJTJGYSUzRSUwQSUwOSUwOSUwOSUzQ2RpdiUyMGNsYXNzJTNEJTIyZ3J2ZS1iYWNrZ3JvdW5kLXdyYXBwZXIlMjIlM0UlMEElMDklMDklMDklMDklMDklMDklM0NkaXYlMjBjbGFzcyUzRCUyMmdydmUtYmctaW1hZ2UlMjBncnZlLXNob3clMjIlMjBzdHlsZSUzRCUyMmJhY2tncm91bmQtaW1hZ2UlM0ElMjB1cmwlMjhodHRwcyUzQSUyRiUyRnd3dy5hdGVsaWVyYWxsdXJlLmNvbSUyRndwLWNvbnRlbnQlMkZ1cGxvYWRzJTJGMjAxOSUyRjA2JTJGSkVXRUxfR1JFWV9QTFVTX3YyLmpwZyUyOSUzQiUyMiUzRSUzQyUyRmRpdiUzRSUwQSUwOSUwOSUzQyUyRmRpdiUzRSUwQSUwOSUwQSUzQyUyRmFydGljbGUlM0UlMEElM0NhcnRpY2xlJTIwaWQlM0QlMjJncnZlLXBvcnRmb2xpby1yZWNlbnQtNTIxLTVkMzQ3MTg1MzNmOTUlMjIlMjBjbGFzcyUzRCUyMmdydmUtcmVsYXRlZC1pdGVtJTIwcG9zdC01MjElMjBwb3J0Zm9saW8lMjB0eXBlLXBvcnRmb2xpbyUyMHN0YXR1cy1wdWJsaXNoJTIwaGFzLXBvc3QtdGh1bWJuYWlsJTIwaGVudHJ5JTIwcG9ydGZvbGlvX2NhdGVnb3J5LXR5cG9sb2d5JTIyJTIwc3R5bGUlM0QlMjJ3aWR0aCUzQSUyMDU2OHB4JTNCJTIyJTNFJTBBJTBBJTA5JTNDYSUyMGhyZWYlM0QlMjJodHRwcyUzQSUyRiUyRnd3dy5hdGVsaWVyYWxsdXJlLmNvbSUyRmRlJTJGamV3ZWxzJTJGZ3JleS1wdXJlJTJGJTIyJTNFJTBBJTA5JTA5JTNDZGl2JTIwY2xhc3MlM0QlMjJncnZlLWNvbnRlbnQlMjIlM0UlMEElMDklMDklMDklM0NoNSUyMGNsYXNzJTNEJTIyZ3J2ZS10aXRsZSUyMiUzRUdSRVklMjBQVVJFJTNDJTJGaDUlM0UlMEElMDklMDklM0MlMkZkaXYlM0UlMEElMDklM0MlMkZhJTNFJTBBJTA5JTA5JTA5JTNDZGl2JTIwY2xhc3MlM0QlMjJncnZlLWJhY2tncm91bmQtd3JhcHBlciUyMiUzRSUwQSUwOSUwOSUwOSUwOSUwOSUwOSUzQ2RpdiUyMGNsYXNzJTNEJTIyZ3J2ZS1iZy1pbWFnZSUyMGdydmUtc2hvdyUyMiUyMHN0eWxlJTNEJTIyYmFja2dyb3VuZC1pbWFnZSUzQSUyMHVybCUyOGh0dHBzJTNBJTJGJTJGd3d3LmF0ZWxpZXJhbGx1cmUuY29tJTJGd3AtY29udGVudCUyRnVwbG9hZHMlMkYyMDE5JTJGMDYlMkZKRVdFTF9HUkVZX1BVUkVfdjIuanBnJTI5JTNCJTIyJTNFJTNDJTJGZGl2JTNFJTBBJTA5JTA5JTNDJTJGZGl2JTNFJTBBJTA5JTBBJTNDJTJGYXJ0aWNsZSUzRSUwOSUwOSUwOSUwOSUzQyUyRmRpdiUzRSUwQSUwOSUwOSUwOSUzQyUyRmRpdiUzRSUwQSUwOSUwOSUzQyUyRmRpdiUzRQ==[\/vc_raw_html][\/vc_column][\/vc_row]<\/p>\n<\/div>","protected":false},"excerpt":{"rendered":"<p>[vc_row section_type=&#8220;fullwidth&#8220; footer_feature=&#8220;yes&#8220; equal_column_height=&#8220;equal-column&#8220;][vc_column width=&#8220;1\/2&#8243; css=&#8220;.vc_custom_1563964119459{margin-top: 125px !important;}&#8220; el_class=&#8220;portfolioImage&#8220;][\/vc_column][vc_column width=&#8220;1\/2&#8243; css=&#8220;.vc_custom_1563964115376{padding-top: 50px !important;padding-right: 50px !important;padding-bottom: 50px !important;padding-left: 50px !important;}&#8220; el_class=&#8220;portfolioText&#8220;][vc_column_text animation=&#8220;fadeInUp&#8220;]Diese Schmuckst\u00fccke mit kalibrierten Steinen, also mit Edelsteinen gleicher Art und gleichen Schliffs, verspr\u00fchen Freude an kontempor\u00e4rer Formensprache und Lust am Experiment.[\/vc_column_text][vc_column_text animation=&#8220;fadeInUp&#8220; animation_delay=&#8220;400&#8243;]Am Beginn steht die gestalterische Idee, in die aus dem Entwurfsprozess hervorgehenden [&hellip;]<\/p>\n","protected":false},"author":2,"featured_media":0,"parent":1280,"menu_order":0,"comment_status":"closed","ping_status":"closed","template":"","meta":{"footnotes":""},"class_list":["post-1288","page","type-page","status-publish","hentry"],"_links":{"self":[{"href":"https:\/\/www.thomashauser.cn\/de\/wp-json\/wp\/v2\/pages\/1288","targetHints":{"allow":["GET"]}}],"collection":[{"href":"https:\/\/www.thomashauser.cn\/de\/wp-json\/wp\/v2\/pages"}],"about":[{"href":"https:\/\/www.thomashauser.cn\/de\/wp-json\/wp\/v2\/types\/page"}],"author":[{"embeddable":true,"href":"https:\/\/www.thomashauser.cn\/de\/wp-json\/wp\/v2\/users\/2"}],"replies":[{"embeddable":true,"href":"https:\/\/www.thomashauser.cn\/de\/wp-json\/wp\/v2\/comments?post=1288"}],"version-history":[{"count":1,"href":"https:\/\/www.thomashauser.cn\/de\/wp-json\/wp\/v2\/pages\/1288\/revisions"}],"predecessor-version":[{"id":6418,"href":"https:\/\/www.thomashauser.cn\/de\/wp-json\/wp\/v2\/pages\/1288\/revisions\/6418"}],"up":[{"embeddable":true,"href":"https:\/\/www.thomashauser.cn\/de\/wp-json\/wp\/v2\/pages\/1280"}],"wp:attachment":[{"href":"https:\/\/www.thomashauser.cn\/de\/wp-json\/wp\/v2\/media?parent=1288"}],"curies":[{"name":"wp","href":"https:\/\/api.w.org\/{rel}","templated":true}]}}