{"id":1291,"date":"2019-07-29T10:34:07","date_gmt":"2019-07-29T10:34:07","guid":{"rendered":"https:\/\/www.thomashauser.cn\/?page_id=1291"},"modified":"2020-07-07T13:22:41","modified_gmt":"2020-07-07T13:22:41","slug":"grey-plus","status":"publish","type":"page","link":"https:\/\/www.thomashauser.cn\/de\/jewels\/grey-plus\/","title":{"rendered":"GREY PLUS"},"content":{"rendered":"<div class=\"wpb-content-wrapper\"><p>[vc_row section_type=&#8220;fullwidth&#8220; footer_feature=&#8220;yes&#8220; equal_column_height=&#8220;equal-column&#8220; tablet_portrait_equal_column_height=&#8220;inherit&#8220;][vc_column width=&#8220;1\/2&#8243; css=&#8220;.vc_custom_1563964144762{margin-top: 125px !important;margin-right: 0px !important;margin-bottom: 0px !important;margin-left: 0px !important;}&#8220; el_class=&#8220;portfolioImage&#8220;]<div class=\"grve-element grve-image grve-animated-item grve-fadeIn grve-align-center\" style=\"margin-bottom: 0px;\" data-delay=\"200\"><img loading=\"lazy\" decoding=\"async\" width=\"545\" height=\"430\" src=\"https:\/\/atelierallure.com\/wp-content\/uploads\/2019\/07\/GREY-PLUS-AQUA_cropped_V2.jpg\" class=\"grve-full-image attachment-full size-full\" alt=\"\" srcset=\"https:\/\/atelierallure.com\/wp-content\/uploads\/2019\/07\/GREY-PLUS-AQUA_cropped_V2.jpg 545w, https:\/\/atelierallure.com\/wp-content\/uploads\/2019\/07\/GREY-PLUS-AQUA_cropped_V2-300x237.jpg 300w\" sizes=\"auto, (max-width: 545px) 100vw, 545px\" \/><\/div>[\/vc_column][vc_column width=&#8220;1\/2&#8243; css=&#8220;.vc_custom_1563964137740{padding-top: 50px !important;padding-right: 50px !important;padding-bottom: 50px !important;padding-left: 50px !important;}&#8220; el_class=&#8220;portfolioText&#8220;]<h3 class=\"grve-element grve-title grve-align-left grve-animated-item grve-fadeInUp grve-h3\" style=\"\" data-delay=\"0\"><span>GREY PLUS<\/span><\/h3>[vc_column_text animation=&#8220;fadeInUp&#8220;]<strong>Hier ist der einzelne Stein jeweils das Fixgestirn im Firmament.<\/strong>[\/vc_column_text][vc_column_text animation=&#8220;fadeInUp&#8220; animation_delay=&#8220;400&#8243;]<strong>Form und Metall, die ihn halten, huldigen ihm in seiner Einzigartigkeit in gr\u00f6\u00dftm\u00f6glicher Weise und werden ihm in jeder Hinsicht ma\u00dfgeschneidert gerecht. Sie setzen ihn ideal in Szene und versorgen ihn etwa mithilfe verborgener polierter Reflexionsfl\u00e4chen bestm\u00f6glich mit Licht, um den Star im Ensemble optimal zum Leuchten zu bringen.<\/strong>[\/vc_column_text][vc_column_text animation=&#8220;fadeInUp&#8220; animation_delay=&#8220;600&#8243;]GREY PLUS Kreationen zeichnen sich durch kontempor\u00e4re Formensprache, mitunter auch experimentelle, neue Materialien aus und sind ausschlie\u00dflich Einzelst\u00fccke.[\/vc_column_text][\/vc_column][\/vc_row][vc_row section_type=&#8220;fullwidth&#8220; footer_feature=&#8220;yes&#8220;][vc_column][vc_raw_html css=&#8220;.vc_custom_1564407417571{margin-top: 0px !important;margin-right: 0px !important;margin-bottom: 0px !important;margin-left: 0px !important;}&#8220;]JTNDZGl2JTIwaWQlM0QlMjJncnZlLXBvcnRmb2xpby1iYXIlMjIlMjBjbGFzcyUzRCUyMmdydmUtbmF2aWdhdGlvbi1iYXIlMjBncnZlLXNpbmd1bGFyLXNlY3Rpb24lMjBncnZlLWZ1bGx3aWR0aCUyMGNsZWFyZml4JTIyJTNFJTBBJTA5JTA5JTA5JTA5JTNDZGl2JTIwY2xhc3MlM0QlMjJncnZlLWNvbnRhaW5lciUyMiUzRSUwQSUwOSUwOSUwOSUwOSUwOSUzQ2RpdiUyMGNsYXNzJTNEJTIyZ3J2ZS13cmFwcGVyJTIyJTNFJTBBJTBBJTA5JTA5JTA5JTA5JTA5JTA5JTNDZGl2JTIwY2xhc3MlM0QlMjJncnZlLXBvc3QtYmFyLWl0ZW0lMjIlM0UlMEElMDklMDklMDklMDklMDklMDklMDklMEElMDklMDklMDklMDklMDklMDklMDklMEElMEElMDklMDklMDklMDklMDklMDklMDklMDklMDklMDklMDklMDklMDklM0MlMkZkaXYlM0UlMEElMEElMDklMDklMDklMDklMDklMDklM0NkaXYlMjBjbGFzcyUzRCUyMmdydmUtcG9zdC1iYXItaXRlbSUyMGdydmUtcG9zdC1zb2NpYWxzJTIwZ3J2ZS1saXN0LWRpdmlkZXIlMjBncnZlLWxpbmstdGV4dCUyMGdydmUtYWxpZ24tY2VudGVyJTIyJTNFJTBBJTA5JTA5JTA5JTA5JTA5JTA5JTA5JTA5JTA5JTA5JTA5JTA5JTA5JTA5JTA5JTNDYSUyMGhyZWYlM0QlMjJodHRwcyUzQSUyRiUyRnd3dy5hdGVsaWVyYWxsdXJlLmNvbSUyRmRlJTJGamV3ZWxzJTJGJTIyJTIwY2xhc3MlM0QlMjJncnZlLWJhY2tsaW5rJTIyJTNFJTNDaSUyMGNsYXNzJTNEJTIyZ3J2ZS1pY29uLWJhY2tsaW5rJTIyJTNFJTNDJTJGaSUzRSUzQyUyRmElM0UlMEElMDklMDklMDklMDklMDklMDklMDklMDklMDklMDklMDklMDklMDklMDklMDklMDklMDklMDklMDklMDklM0MlMkZkaXYlM0UlMEElMEElMDklMDklMDklMDklMDklMDklM0NkaXYlMjBjbGFzcyUzRCUyMmdydmUtcG9zdC1iYXItaXRlbSUyMiUzRSUwQSUwOSUwOSUwOSUwOSUwOSUwOSUwOSUwQSUwOSUwOSUwOSUwOSUwOSUwOSUwOSUwQSUwQSUwOSUwOSUwOSUwOSUwOSUwOSUwOSUwOSUwOSUwOSUwOSUwOSUwOSUzQyUyRmRpdiUzRSUwQSUwQSUwOSUwOSUwOSUwOSUwOSUzQyUyRmRpdiUzRSUwQSUwOSUwOSUwOSUwOSUzQyUyRmRpdiUzRSUwQSUwOSUwOSUwOSUzQyUyRmRpdiUzRSUwQSUzQ2RpdiUyMGlkJTNEJTIyZ3J2ZS1yZWxhdGVkLXBvc3QlMjIlMjBjbGFzcyUzRCUyMmdydmUtc2luZ3VsYXItc2VjdGlvbiUyMGdydmUtZnVsbHdpZHRoJTIwY2xlYXJmaXglMjIlM0UlMEElMDklMDklMDklM0NkaXYlMjBjbGFzcyUzRCUyMmdydmUtY29udGFpbmVyJTIwZ3J2ZS1wYWRkaW5nLXRvcC1tZCUyMGdydmUtYm9yZGVyJTIwZ3J2ZS1ib3JkZXItdG9wJTIyJTNFJTBBJTA5JTA5JTA5JTA5JTNDZGl2JTIwY2xhc3MlM0QlMjJncnZlLXJlbGF0ZWQtcG9zdC13cmFwcGVyJTIyJTNFJTBBJTBBJTNDYXJ0aWNsZSUyMGlkJTNEJTIyZ3J2ZS1wb3J0Zm9saW8tcmVjZW50LTUwMS01ZDM0NzIxZGEwYmVlJTIyJTIwY2xhc3MlM0QlMjJncnZlLXJlbGF0ZWQtaXRlbSUyMHBvc3QtNTAxJTIwcG9ydGZvbGlvJTIwdHlwZS1wb3J0Zm9saW8lMjBzdGF0dXMtcHVibGlzaCUyMGhhcy1wb3N0LXRodW1ibmFpbCUyMGhlbnRyeSUyMHBvcnRmb2xpb19jYXRlZ29yeS10eXBvbG9neSUyMiUyMHN0eWxlJTNEJTIyd2lkdGglM0ElMjA1NjhweCUzQiUyMiUzRSUwQSUwQSUwOSUzQ2ElMjBocmVmJTNEJTIyaHR0cHMlM0ElMkYlMkZ3d3cuYXRlbGllcmFsbHVyZS5jb20lMkZkZSUyRmpld2VscyUyRmJsYWNrJTJGJTIyJTNFJTBBJTA5JTA5JTNDZGl2JTIwY2xhc3MlM0QlMjJncnZlLWNvbnRlbnQlMjIlM0UlMEElMDklMDklMDklM0NoNSUyMGNsYXNzJTNEJTIyZ3J2ZS10aXRsZSUyMiUzRUJMQUNLJTNDJTJGaDUlM0UlMEElMDklMDklM0MlMkZkaXYlM0UlMEElMDklM0MlMkZhJTNFJTBBJTA5JTA5JTA5JTNDZGl2JTIwY2xhc3MlM0QlMjJncnZlLWJhY2tncm91bmQtd3JhcHBlciUyMiUzRSUwQSUwOSUwOSUwOSUwOSUwOSUwOSUzQ2RpdiUyMGNsYXNzJTNEJTIyZ3J2ZS1iZy1pbWFnZSUyMGdydmUtc2hvdyUyMiUyMHN0eWxlJTNEJTIyYmFja2dyb3VuZC1pbWFnZSUzQSUyMHVybCUyOGh0dHBzJTNBJTJGJTJGd3d3LmF0ZWxpZXJhbGx1cmUuY29tJTJGd3AtY29udGVudCUyRnVwbG9hZHMlMkYyMDE5JTJGMDYlMkZKRVdFTF9CTEFDS192Mi5qcGclMjklM0IlMjIlM0UlM0MlMkZkaXYlM0UlMEElMDklMDklM0MlMkZkaXYlM0UlMEElMDklMEElM0MlMkZhcnRpY2xlJTNFJTBBJTNDYXJ0aWNsZSUyMGlkJTNEJTIyZ3J2ZS1wb3J0Zm9saW8tcmVjZW50LTUyMi01ZDM0NzIxZGExMGQxJTIyJTIwY2xhc3MlM0QlMjJncnZlLXJlbGF0ZWQtaXRlbSUyMHBvc3QtNTIyJTIwcG9ydGZvbGlvJTIwdHlwZS1wb3J0Zm9saW8lMjBzdGF0dXMtcHVibGlzaCUyMGhhcy1wb3N0LXRodW1ibmFpbCUyMGhlbnRyeSUyMHBvcnRmb2xpb19jYXRlZ29yeS10eXBvbG9neSUyMiUyMHN0eWxlJTNEJTIyd2lkdGglM0ElMjA1NjhweCUzQiUyMiUzRSUwQSUwQSUwOSUzQ2ElMjBocmVmJTNEJTIyaHR0cHMlM0ElMkYlMkZ3d3cuYXRlbGllcmFsbHVyZS5jb20lMkZkZSUyRmpld2VscyUyRndoaXRlJTJGJTIyJTNFJTBBJTA5JTA5JTNDZGl2JTIwY2xhc3MlM0QlMjJncnZlLWNvbnRlbnQlMjIlM0UlMEElMDklMDklMDklM0NoNSUyMGNsYXNzJTNEJTIyZ3J2ZS10aXRsZSUyMiUzRVdISVRFJTNDJTJGaDUlM0UlMEElMDklMDklM0MlMkZkaXYlM0UlMEElMDklM0MlMkZhJTNFJTBBJTA5JTA5JTA5JTNDZGl2JTIwY2xhc3MlM0QlMjJncnZlLWJhY2tncm91bmQtd3JhcHBlciUyMiUzRSUwQSUwOSUwOSUwOSUwOSUwOSUwOSUzQ2RpdiUyMGNsYXNzJTNEJTIyZ3J2ZS1iZy1pbWFnZSUyMGdydmUtc2hvdyUyMiUyMHN0eWxlJTNEJTIyYmFja2dyb3VuZC1pbWFnZSUzQSUyMHVybCUyOGh0dHBzJTNBJTJGJTJGd3d3LmF0ZWxpZXJhbGx1cmUuY29tJTJGd3AtY29udGVudCUyRnVwbG9hZHMlMkYyMDE5JTJGMDYlMkZKRVdFTF9XSElURV92Mi5qcGclMjklM0IlMjIlM0UlM0MlMkZkaXYlM0UlMEElMDklMDklM0MlMkZkaXYlM0UlMEElMDklMEElM0MlMkZhcnRpY2xlJTNFJTBBJTNDYXJ0aWNsZSUyMGlkJTNEJTIyZ3J2ZS1wb3J0Zm9saW8tcmVjZW50LTUyMS01ZDM0NzIxZGExNTc5JTIyJTIwY2xhc3MlM0QlMjJncnZlLXJlbGF0ZWQtaXRlbSUyMHBvc3QtNTIxJTIwcG9ydGZvbGlvJTIwdHlwZS1wb3J0Zm9saW8lMjBzdGF0dXMtcHVibGlzaCUyMGhhcy1wb3N0LXRodW1ibmFpbCUyMGhlbnRyeSUyMHBvcnRmb2xpb19jYXRlZ29yeS10eXBvbG9neSUyMiUyMHN0eWxlJTNEJTIyd2lkdGglM0ElMjA1NjhweCUzQiUyMiUzRSUwQSUwQSUwOSUzQ2ElMjBocmVmJTNEJTIyaHR0cHMlM0ElMkYlMkZ3d3cuYXRlbGllcmFsbHVyZS5jb20lMkZkZSUyRmpld2VscyUyRmdyZXktcHVyZSUyRiUyMiUzRSUwQSUwOSUwOSUzQ2RpdiUyMGNsYXNzJTNEJTIyZ3J2ZS1jb250ZW50JTIyJTNFJTBBJTA5JTA5JTA5JTNDaDUlMjBjbGFzcyUzRCUyMmdydmUtdGl0bGUlMjIlM0VHUkVZJTIwUFVSRSUzQyUyRmg1JTNFJTBBJTA5JTA5JTNDJTJGZGl2JTNFJTBBJTA5JTNDJTJGYSUzRSUwQSUwOSUwOSUwOSUzQ2RpdiUyMGNsYXNzJTNEJTIyZ3J2ZS1iYWNrZ3JvdW5kLXdyYXBwZXIlMjIlM0UlMEElMDklMDklMDklMDklMDklMDklM0NkaXYlMjBjbGFzcyUzRCUyMmdydmUtYmctaW1hZ2UlMjBncnZlLXNob3clMjIlMjBzdHlsZSUzRCUyMmJhY2tncm91bmQtaW1hZ2UlM0ElMjB1cmwlMjhodHRwcyUzQSUyRiUyRnd3dy5hdGVsaWVyYWxsdXJlLmNvbSUyRndwLWNvbnRlbnQlMkZ1cGxvYWRzJTJGMjAxOSUyRjA2JTJGSkVXRUxfR1JFWV9QVVJFX3YyLmpwZyUyOSUzQiUyMiUzRSUzQyUyRmRpdiUzRSUwQSUwOSUwOSUzQyUyRmRpdiUzRSUwQSUwOSUwQSUzQyUyRmFydGljbGUlM0UlMDklMDklMDklMDklM0MlMkZkaXYlM0UlMEElMDklMDklMDklM0MlMkZkaXYlM0UlMEElMDklMDklM0MlMkZkaXYlM0U=[\/vc_raw_html][\/vc_column][\/vc_row]<\/p>\n<\/div>","protected":false},"excerpt":{"rendered":"<p>[vc_row section_type=&#8220;fullwidth&#8220; footer_feature=&#8220;yes&#8220; equal_column_height=&#8220;equal-column&#8220; tablet_portrait_equal_column_height=&#8220;inherit&#8220;][vc_column width=&#8220;1\/2&#8243; css=&#8220;.vc_custom_1563964144762{margin-top: 125px !important;margin-right: 0px !important;margin-bottom: 0px !important;margin-left: 0px !important;}&#8220; el_class=&#8220;portfolioImage&#8220;][\/vc_column][vc_column width=&#8220;1\/2&#8243; css=&#8220;.vc_custom_1563964137740{padding-top: 50px !important;padding-right: 50px !important;padding-bottom: 50px !important;padding-left: 50px !important;}&#8220; el_class=&#8220;portfolioText&#8220;][vc_column_text animation=&#8220;fadeInUp&#8220;]Hier ist der einzelne Stein jeweils das Fixgestirn im Firmament.[\/vc_column_text][vc_column_text animation=&#8220;fadeInUp&#8220; animation_delay=&#8220;400&#8243;]Form und Metall, die ihn halten, huldigen ihm in seiner Einzigartigkeit in gr\u00f6\u00dftm\u00f6glicher Weise und werden ihm [&hellip;]<\/p>\n","protected":false},"author":2,"featured_media":0,"parent":1280,"menu_order":0,"comment_status":"closed","ping_status":"closed","template":"","meta":{"footnotes":""},"class_list":["post-1291","page","type-page","status-publish","hentry"],"_links":{"self":[{"href":"https:\/\/www.thomashauser.cn\/de\/wp-json\/wp\/v2\/pages\/1291","targetHints":{"allow":["GET"]}}],"collection":[{"href":"https:\/\/www.thomashauser.cn\/de\/wp-json\/wp\/v2\/pages"}],"about":[{"href":"https:\/\/www.thomashauser.cn\/de\/wp-json\/wp\/v2\/types\/page"}],"author":[{"embeddable":true,"href":"https:\/\/www.thomashauser.cn\/de\/wp-json\/wp\/v2\/users\/2"}],"replies":[{"embeddable":true,"href":"https:\/\/www.thomashauser.cn\/de\/wp-json\/wp\/v2\/comments?post=1291"}],"version-history":[{"count":1,"href":"https:\/\/www.thomashauser.cn\/de\/wp-json\/wp\/v2\/pages\/1291\/revisions"}],"predecessor-version":[{"id":6414,"href":"https:\/\/www.thomashauser.cn\/de\/wp-json\/wp\/v2\/pages\/1291\/revisions\/6414"}],"up":[{"embeddable":true,"href":"https:\/\/www.thomashauser.cn\/de\/wp-json\/wp\/v2\/pages\/1280"}],"wp:attachment":[{"href":"https:\/\/www.thomashauser.cn\/de\/wp-json\/wp\/v2\/media?parent=1291"}],"curies":[{"name":"wp","href":"https:\/\/api.w.org\/{rel}","templated":true}]}}