{"id":18187,"date":"2021-10-28T09:35:45","date_gmt":"2021-10-28T09:35:45","guid":{"rendered":"https:\/\/www.thomashauser.cn\/ringgroesse\/"},"modified":"2021-10-28T09:35:45","modified_gmt":"2021-10-28T09:35:45","slug":"ringgroesse","status":"publish","type":"page","link":"https:\/\/www.thomashauser.cn\/de\/ringgroesse\/","title":{"rendered":"Ringgr\u00f6\u00dfe"},"content":{"rendered":"<p>Ein Millimeter, eine Welt!<\/p>\n<p>Sie haben bereits einen Ring, dessen Tragekomfort sie begeistert und Sie kennen seine Gr\u00f6\u00dfe? Dann teilen Sie uns diese mit! Sollten Sie Ihre Ringgr\u00f6\u00dfe noch nicht kennen, so gibt es verschiedene M\u00f6glichkeiten, diese zu ermitteln.\u00a0<em>\u00a0<\/em>Ob Sie nun den Innendurchmesser eines bereits passenden Ringes oder die dickste Stelle des Tragefingers selbst nachmessen und anschlie\u00dfend mit einer Ringgr\u00f6\u00dfentabelle vergleichen &#8211; die T\u00fccke liegt im Detail, da der Unterschied zwischen den einzelnen Gr\u00f6\u00dfen nur Zehntelmillimeter betr\u00e4gt und exaktes Messen daher unbedingt n\u00f6tig ist.\u00a0Die von uns angef\u00fchrten Ma\u00dfe sind in Millimeter angegeben (entsprechend der europ\u00e4ischen Ringma\u00dfeinheit) und beziehen sich auf den Umfang des Fingers.\u00a0Ein Vergleich der Gr\u00f6\u00dfen 52 und 53, mit Blick auf die Tabelle, veranschaulicht, dass der Unterschied des Durchmessers zwischen 16,5 und 16,8 blo\u00df bei 0.3 Millimeter liegt. Also der Unterschied von einem drittel Millimeter macht eine ganze Nummer aus. Um ein m\u00f6glichst genaues Ergebnis und den damit verbundenen, optimalen Tragekomfort zu erhalten, empfehlen wir daher die Verwendung eines geeichten Ringgr\u00f6\u00dfenmessers (am besten ein Ringma\u00df oder eine hochwertige Ringgr\u00f6\u00dfenschablone), den Sie etwa gegen eine geringe Geb\u00fchr in Internetshops erhalten. Sehr gerne bestimmen wir Ihre Ringgr\u00f6\u00dfe auch bei uns im Atelier. (Link zu Kontakt)<\/p>\n","protected":false},"excerpt":{"rendered":"<p>Ein Millimeter, eine Welt! Sie haben bereits einen Ring, dessen Tragekomfort sie begeistert und Sie kennen seine Gr\u00f6\u00dfe? Dann teilen Sie uns diese mit! Sollten Sie Ihre Ringgr\u00f6\u00dfe noch nicht kennen, so gibt es verschiedene M\u00f6glichkeiten, diese zu ermitteln.\u00a0\u00a0Ob Sie nun den Innendurchmesser eines bereits passenden Ringes oder die dickste Stelle des Tragefingers selbst nachmessen [&hellip;]<\/p>\n","protected":false},"author":2,"featured_media":0,"parent":0,"menu_order":0,"comment_status":"closed","ping_status":"closed","template":"","meta":{"footnotes":""},"class_list":["post-18187","page","type-page","status-publish","hentry"],"_links":{"self":[{"href":"https:\/\/www.thomashauser.cn\/de\/wp-json\/wp\/v2\/pages\/18187","targetHints":{"allow":["GET"]}}],"collection":[{"href":"https:\/\/www.thomashauser.cn\/de\/wp-json\/wp\/v2\/pages"}],"about":[{"href":"https:\/\/www.thomashauser.cn\/de\/wp-json\/wp\/v2\/types\/page"}],"author":[{"embeddable":true,"href":"https:\/\/www.thomashauser.cn\/de\/wp-json\/wp\/v2\/users\/2"}],"replies":[{"embeddable":true,"href":"https:\/\/www.thomashauser.cn\/de\/wp-json\/wp\/v2\/comments?post=18187"}],"version-history":[{"count":0,"href":"https:\/\/www.thomashauser.cn\/de\/wp-json\/wp\/v2\/pages\/18187\/revisions"}],"wp:attachment":[{"href":"https:\/\/www.thomashauser.cn\/de\/wp-json\/wp\/v2\/media?parent=18187"}],"curies":[{"name":"wp","href":"https:\/\/api.w.org\/{rel}","templated":true}]}}