{"id":18775,"date":"2021-03-23T09:23:50","date_gmt":"2021-03-23T09:23:50","guid":{"rendered":"https:\/\/www.thomashauser.cn\/product\/ring-a_03\/"},"modified":"2021-03-23T09:23:50","modified_gmt":"2021-03-23T09:23:50","slug":"ring-a_03","status":"publish","type":"product","link":"https:\/\/www.thomashauser.cn\/de\/produkt\/ring-a_03\/","title":{"rendered":"RING \u00c4_03"},"content":{"rendered":"<p>\u00c4TSCH &#8211; Ringe \u00abwith an edge\u00bb.<\/p>\n<p>Noch vor \u00c4tsch war das Wort. N\u00e4mlich kein geringeres, als jenes von Rainer Maria Rilke, der sagt: \u201e\u2026 geh\u2019 bis an Deiner Sehnsucht Rand; gib mir die Hand.\u201c<\/p>\n<p>Ich treffe eine Wahl und hebe eine Linie aus der Form, aus dem Volumen hervor, eine Kante tut sich auf, die in der grauen, matten Titanumgebung wei\u00df leuchtet. Ein Weg, eine Landschaft zeichnet sich ab und definiert gleichwohl den Charakter, eine Plastizit\u00e4t eines Ringes. Wie das Wasser erst durch ein Flussbeet zum Fluss wird und der See erst durch sein Ufer zum See.<\/p>\n<p>Diese eine gew\u00e4hlte Linie zeigt eine M\u00f6glichkeit der Existenz, der Wirksamkeit auf, im Vergleich zu einer Allgemeinheit, mit all den anderen Optionen. Augen fragen sich st\u00e4ndig:<br \/>\nWelche Wahl treffe ich, welcher Linie wandere ich nach und bin Entdecker am Weg dahin? Was wird sichtbar, wieweit wage ich mich hinaus?<\/p>\n<p>Titan ist hart, Titan ist leicht, wunderbar hautfreundlich und unverw\u00fcstlich. Die matten Oberfl\u00e4chen sind grau und ihre polierten Kanten, gl\u00e4nzend, wei\u00dfe Linien. Gegens\u00e4tze machen Lust und neugierig, sie fordern auf. Die Geometrie der K\u00f6pfe der Ringe schwebt mit leichtem Abstand \u00fcber dem Finger. Wie ein Dach oder ein Schirm halten sie Distanz.<br \/>\nEin Raum bleibt zwischen Ring und Finger, ohne Anfang, ohne Ende, mit Luft und Anmut, und einem Geheimnis.<\/p>\n","protected":false},"excerpt":{"rendered":"<p>\u00c4TSCH &#8211; Ringe \u00abwith an edge\u00bb. Noch vor \u00c4tsch war das Wort. N\u00e4mlich kein geringeres, als jenes von Rainer Maria Rilke, der sagt: \u201e\u2026 geh\u2019 bis an Deiner Sehnsucht Rand; gib mir die Hand.\u201c Ich treffe eine Wahl und hebe eine Linie aus der Form, aus dem Volumen hervor, eine Kante tut sich auf, die [&hellip;]<\/p>\n","protected":false},"featured_media":8482,"template":"","meta":[],"product_brand":[],"product_cat":[247],"product_tag":[],"class_list":{"0":"post-18775","1":"product","2":"type-product","3":"status-publish","4":"has-post-thumbnail","6":"product_cat-aetsch","8":"first","9":"instock","10":"taxable","11":"shipping-taxable","12":"purchasable","13":"product-type-variable"},"_links":{"self":[{"href":"https:\/\/www.thomashauser.cn\/de\/wp-json\/wp\/v2\/product\/18775","targetHints":{"allow":["GET"]}}],"collection":[{"href":"https:\/\/www.thomashauser.cn\/de\/wp-json\/wp\/v2\/product"}],"about":[{"href":"https:\/\/www.thomashauser.cn\/de\/wp-json\/wp\/v2\/types\/product"}],"wp:featuredmedia":[{"embeddable":true,"href":"https:\/\/www.thomashauser.cn\/de\/wp-json\/wp\/v2\/media\/8482"}],"wp:attachment":[{"href":"https:\/\/www.thomashauser.cn\/de\/wp-json\/wp\/v2\/media?parent=18775"}],"wp:term":[{"taxonomy":"product_brand","embeddable":true,"href":"https:\/\/www.thomashauser.cn\/de\/wp-json\/wp\/v2\/product_brand?post=18775"},{"taxonomy":"product_cat","embeddable":true,"href":"https:\/\/www.thomashauser.cn\/de\/wp-json\/wp\/v2\/product_cat?post=18775"},{"taxonomy":"product_tag","embeddable":true,"href":"https:\/\/www.thomashauser.cn\/de\/wp-json\/wp\/v2\/product_tag?post=18775"}],"curies":[{"name":"wp","href":"https:\/\/api.w.org\/{rel}","templated":true}]}}