{"id":19643,"date":"2021-10-28T10:57:43","date_gmt":"2021-10-28T10:57:43","guid":{"rendered":"https:\/\/www.thomashauser.cn\/product\/ring-ch_03\/"},"modified":"2021-10-28T10:57:43","modified_gmt":"2021-10-28T10:57:43","slug":"ring-ch_03","status":"publish","type":"product","link":"https:\/\/www.thomashauser.cn\/de\/produkt\/ring-ch_03\/","title":{"rendered":"Ring CH_03"},"content":{"rendered":"<p>So wie der Chor des antiken griechischen Theaters aus zw\u00f6lf Darstellern bestand, so treten auch die Choreuten auf: Die Serie von zw\u00f6lf Ringen bildet ein in sich geschlossenes System.<\/p>\n<p>Sie alle bestehen aus nur einer Grundform, wobei es je eine schmale und breitere Variante gibt, wovon jeweils Metall abgeschliffen wird. Dabei entstehen Fl\u00e4chen und Felder. Diese werden unterteilt, Linien werden gezogen, Kanten brechen hervor und werden gebrochen, Giebel steigen auf, H\u00fcgel heben sich. Gleichsam geometrische Landschaften entstehen, mit unterschiedlichsten Facetten und Charakteren.<\/p>\n<p>Dem Betrachter obliegt es, die Unterschiede im System auszuloten, zu deuten, mit jedem Choreuten einen Dialog zu f\u00fchren, ihn zu lesen und schlie\u00dflich den pers\u00f6nlichsten Ring zu w\u00e4hlen. Fast nie ist es nach diesem Prozess der Ann\u00e4herung jener, der auf den ersten Blick am besten gefallen hat.<\/p>\n<p>Was erz\u00e4hlt die Geschichte von Perfektion sch\u00f6ner, als diese: Wenn ein neuer Choreut die B\u00fchne betritt, muss ein anderer sie verlassen. Das bedeutet, die Serie wird st\u00e4ndig erweitert, doch die Zahl der 12 bleibt bestimmt.<\/p>\n<p>Wenn ein frischer Choreut entsteht, scheidet ein anderer aus dem Chor und geht \u2013 das ist ein ultimatives Bekenntnis zur Qualit\u00e4t und die Abkehr von uners\u00e4ttlicher Quantit\u00e4t.<\/p>\n<p>Die Choreuten entfernen sich von der Schmuckkonvention, Licht durch Verst\u00e4rkungen in Szene zu setzen. Sie sind von der Dunkelheit her angedacht. In dieser Stille findet die Sprache ihren Ort. Durch ihre innere Ordnung zum formalen System beginnen die Ringe zu sprechen. Dabei sind sie jedoch nicht laut ans Publikum gewandt. Vielmehr verst\u00e4ndigen sie sich im Gleichklang mit ihrem Tr\u00e4ger. In einer Geheimsprache, die mit der Aneignung, mit der Aufnahme einer Beziehung entstanden ist.<\/p>\n","protected":false},"excerpt":{"rendered":"<p>So wie der Chor des antiken griechischen Theaters aus zw\u00f6lf Darstellern bestand, so treten auch die Choreuten auf: Die Serie von zw\u00f6lf Ringen bildet ein in sich geschlossenes System. Sie alle bestehen aus nur einer Grundform, wobei es je eine schmale und breitere Variante gibt, wovon jeweils Metall abgeschliffen wird. Dabei entstehen Fl\u00e4chen und Felder. [&hellip;]<\/p>\n","protected":false},"featured_media":7836,"template":"","meta":[],"product_brand":[],"product_cat":[246],"product_tag":[],"class_list":{"0":"post-19643","1":"product","2":"type-product","3":"status-publish","4":"has-post-thumbnail","6":"product_cat-choreuten","8":"first","9":"instock","10":"taxable","11":"shipping-taxable","12":"purchasable","13":"product-type-variable"},"_links":{"self":[{"href":"https:\/\/www.thomashauser.cn\/de\/wp-json\/wp\/v2\/product\/19643","targetHints":{"allow":["GET"]}}],"collection":[{"href":"https:\/\/www.thomashauser.cn\/de\/wp-json\/wp\/v2\/product"}],"about":[{"href":"https:\/\/www.thomashauser.cn\/de\/wp-json\/wp\/v2\/types\/product"}],"wp:featuredmedia":[{"embeddable":true,"href":"https:\/\/www.thomashauser.cn\/de\/wp-json\/wp\/v2\/media\/7836"}],"wp:attachment":[{"href":"https:\/\/www.thomashauser.cn\/de\/wp-json\/wp\/v2\/media?parent=19643"}],"wp:term":[{"taxonomy":"product_brand","embeddable":true,"href":"https:\/\/www.thomashauser.cn\/de\/wp-json\/wp\/v2\/product_brand?post=19643"},{"taxonomy":"product_cat","embeddable":true,"href":"https:\/\/www.thomashauser.cn\/de\/wp-json\/wp\/v2\/product_cat?post=19643"},{"taxonomy":"product_tag","embeddable":true,"href":"https:\/\/www.thomashauser.cn\/de\/wp-json\/wp\/v2\/product_tag?post=19643"}],"curies":[{"name":"wp","href":"https:\/\/api.w.org\/{rel}","templated":true}]}}