{"id":20627,"date":"2021-05-06T12:48:41","date_gmt":"2021-05-06T12:48:41","guid":{"rendered":"https:\/\/www.thomashauser.cn\/product\/pendant-lil_11\/"},"modified":"2021-10-29T14:22:57","modified_gmt":"2021-10-29T14:22:57","slug":"pendant-lil_11","status":"publish","type":"product","link":"https:\/\/www.thomashauser.cn\/de\/produkt\/pendant-lil_11\/","title":{"rendered":"PENDANT LIL_11"},"content":{"rendered":"<p>In der Geschichte von Graf Pico, der darauf hinweist, dass \u00abWas ich sage, muss man aufs Wort glauben, weil ich ein Gelehrter bin.\u00bb  erz\u00e4hlt Antal Szerb von Monnna Lianora, die wiederum von einer wundersamen Lilie geh\u00f6rt hatte, mit der es folgenderma\u00dfen bestellt sei: \u00abBer\u00fchrt ein Unw\u00fcrdiger sie, so werden seine Fingern mit unaufl\u00f6sbarem Harz \u00fcberzogen, wird sie jedoch von einem Menschen mit reiner Seele ber\u00fchrt, werden seine H\u00e4nde duftend, als sei er mit heiligem \u00d6l gesalbt worden. Die Blume selbst bleibt immer Wei\u00df und besitzt gar keinen Duft. Was wohl geschehen w\u00fcrde, wenn Du sie ber\u00fchrtest?\u00bb <\/p>\n<p>Wie die Olympiamedaille den Sportler verwandelt, so h\u00e4nge Dir deine Lilie um uns sehe und staune was dir geschieht.<\/p>\n<p>Und schon tanzt Beniveni und singt:<br \/>\n\u00ab O die Lilien, die Lilien,<br \/>\ndie wei\u00dfen Posaunen der Engel,<br \/>\nam siebten Tag gro\u00df unser<br \/>\nHerr seinen Liliengarten &#8211;<br \/>\ndu bist die Sch\u00f6nste, die Sch\u00f6nste,<br \/>\nob sie mein war, wei\u00df ich nicht.\u00bb <\/p>\n","protected":false},"excerpt":{"rendered":"<p>In der Geschichte von Graf Pico, der darauf hinweist, dass \u00abWas ich sage, muss man aufs Wort glauben, weil ich ein Gelehrter bin.\u00bb erz\u00e4hlt Antal Szerb von Monnna Lianora, die wiederum von einer wundersamen Lilie geh\u00f6rt hatte, mit der es folgenderma\u00dfen bestellt sei: \u00abBer\u00fchrt ein Unw\u00fcrdiger sie, so werden seine Fingern mit unaufl\u00f6sbarem Harz \u00fcberzogen, [&hellip;]<\/p>\n","protected":false},"featured_media":14419,"template":"","meta":[],"product_brand":[],"product_cat":[249],"product_tag":[],"class_list":{"0":"post-20627","1":"product","2":"type-product","3":"status-publish","4":"has-post-thumbnail","6":"product_cat-lilies-de","8":"first","9":"instock","10":"taxable","11":"shipping-taxable","12":"purchasable","13":"product-type-variable"},"_links":{"self":[{"href":"https:\/\/www.thomashauser.cn\/de\/wp-json\/wp\/v2\/product\/20627","targetHints":{"allow":["GET"]}}],"collection":[{"href":"https:\/\/www.thomashauser.cn\/de\/wp-json\/wp\/v2\/product"}],"about":[{"href":"https:\/\/www.thomashauser.cn\/de\/wp-json\/wp\/v2\/types\/product"}],"wp:featuredmedia":[{"embeddable":true,"href":"https:\/\/www.thomashauser.cn\/de\/wp-json\/wp\/v2\/media\/14419"}],"wp:attachment":[{"href":"https:\/\/www.thomashauser.cn\/de\/wp-json\/wp\/v2\/media?parent=20627"}],"wp:term":[{"taxonomy":"product_brand","embeddable":true,"href":"https:\/\/www.thomashauser.cn\/de\/wp-json\/wp\/v2\/product_brand?post=20627"},{"taxonomy":"product_cat","embeddable":true,"href":"https:\/\/www.thomashauser.cn\/de\/wp-json\/wp\/v2\/product_cat?post=20627"},{"taxonomy":"product_tag","embeddable":true,"href":"https:\/\/www.thomashauser.cn\/de\/wp-json\/wp\/v2\/product_tag?post=20627"}],"curies":[{"name":"wp","href":"https:\/\/api.w.org\/{rel}","templated":true}]}}