{"id":22458,"date":"2021-03-26T10:39:51","date_gmt":"2021-03-26T10:39:51","guid":{"rendered":"https:\/\/www.thomashauser.cn\/product\/ring-ril_04\/"},"modified":"2021-10-29T14:24:38","modified_gmt":"2021-10-29T14:24:38","slug":"ring-ril_04","status":"publish","type":"product","link":"https:\/\/www.thomashauser.cn\/de\/produkt\/ring-ril_04\/","title":{"rendered":"RING RIL_04"},"content":{"rendered":"<p>&#8230; wie auf dem Wasser oder auf dem frisch gepfl\u00fcgten Feld. Das stetige und gleichm\u00e4\u00dfige Auf und Ab der Wellen dynamisiert ihre unmittelbare Umgebung. Die Lichtwellen der Sonnenstrahlen bewegen die Luft im Raum. Ein warmes und stellares Flirren. Das beruhigt und gibt Vertrauen. Eine Kraft wird greifbar. Bewegung = Energie = Leben.<\/p>\n","protected":false},"excerpt":{"rendered":"<p>&#8230; wie auf dem Wasser oder auf dem frisch gepfl\u00fcgten Feld. Das stetige und gleichm\u00e4\u00dfige Auf und Ab der Wellen dynamisiert ihre unmittelbare Umgebung. Die Lichtwellen der Sonnenstrahlen bewegen die Luft im Raum. Ein warmes und stellares Flirren. Das beruhigt und gibt Vertrauen. Eine Kraft wird greifbar. Bewegung = Energie = Leben.<\/p>\n","protected":false},"featured_media":8875,"template":"","meta":[],"product_brand":[],"product_cat":[251],"product_tag":[],"class_list":{"0":"post-22458","1":"product","2":"type-product","3":"status-publish","4":"has-post-thumbnail","6":"product_cat-ripples-de","8":"first","9":"instock","10":"taxable","11":"shipping-taxable","12":"purchasable","13":"product-type-variable"},"_links":{"self":[{"href":"https:\/\/www.thomashauser.cn\/de\/wp-json\/wp\/v2\/product\/22458","targetHints":{"allow":["GET"]}}],"collection":[{"href":"https:\/\/www.thomashauser.cn\/de\/wp-json\/wp\/v2\/product"}],"about":[{"href":"https:\/\/www.thomashauser.cn\/de\/wp-json\/wp\/v2\/types\/product"}],"wp:featuredmedia":[{"embeddable":true,"href":"https:\/\/www.thomashauser.cn\/de\/wp-json\/wp\/v2\/media\/8875"}],"wp:attachment":[{"href":"https:\/\/www.thomashauser.cn\/de\/wp-json\/wp\/v2\/media?parent=22458"}],"wp:term":[{"taxonomy":"product_brand","embeddable":true,"href":"https:\/\/www.thomashauser.cn\/de\/wp-json\/wp\/v2\/product_brand?post=22458"},{"taxonomy":"product_cat","embeddable":true,"href":"https:\/\/www.thomashauser.cn\/de\/wp-json\/wp\/v2\/product_cat?post=22458"},{"taxonomy":"product_tag","embeddable":true,"href":"https:\/\/www.thomashauser.cn\/de\/wp-json\/wp\/v2\/product_tag?post=22458"}],"curies":[{"name":"wp","href":"https:\/\/api.w.org\/{rel}","templated":true}]}}