{"id":23114,"date":"2021-04-16T11:13:06","date_gmt":"2021-04-16T11:13:06","guid":{"rendered":"https:\/\/www.thomashauser.cn\/product\/shte_05\/"},"modified":"2021-10-29T14:23:49","modified_gmt":"2021-10-29T14:23:49","slug":"shte_05","status":"publish","type":"product","link":"https:\/\/www.thomashauser.cn\/de\/produkt\/shte_05\/","title":{"rendered":"SHTE_05"},"content":{"rendered":"<p>Nicht viele Menschen sehen nackt besser aus als bekleidet. Und so mancher K\u00f6rper oder so manches Kunstwerk ist oft mit Gimmicks oder billiger Effekthascherei behangen.<\/p>\n<p>Nur wo reine Sch\u00f6nheit kein Ornament braucht, ist es legitim, ein solches anzubringen. Die m\u00e4chtige Alhambra w\u00e4re auch ohne Zierwerk vollkommen, atemberaubend &#8211; harmonisch. Aber dann, diese Verzierungen! Sie dr\u00fccken Liebe, Hingabe, Meisterschaft aus.<\/p>\n<p>Genau darauf zielt SHAPES + TEXTURES ab.<\/p>\n","protected":false},"excerpt":{"rendered":"<p>Nicht viele Menschen sehen nackt besser aus als bekleidet. Und so mancher K\u00f6rper oder so manches Kunstwerk ist oft mit Gimmicks oder billiger Effekthascherei behangen. Nur wo reine Sch\u00f6nheit kein Ornament braucht, ist es legitim, ein solches anzubringen. Die m\u00e4chtige Alhambra w\u00e4re auch ohne Zierwerk vollkommen, atemberaubend &#8211; harmonisch. Aber dann, diese Verzierungen! Sie dr\u00fccken [&hellip;]<\/p>\n","protected":false},"featured_media":13849,"template":"","meta":[],"product_brand":[],"product_cat":[252],"product_tag":[],"class_list":{"0":"post-23114","1":"product","2":"type-product","3":"status-publish","4":"has-post-thumbnail","6":"product_cat-shapes-textures-de","8":"first","9":"instock","10":"taxable","11":"shipping-taxable","12":"purchasable","13":"product-type-variable"},"_links":{"self":[{"href":"https:\/\/www.thomashauser.cn\/de\/wp-json\/wp\/v2\/product\/23114","targetHints":{"allow":["GET"]}}],"collection":[{"href":"https:\/\/www.thomashauser.cn\/de\/wp-json\/wp\/v2\/product"}],"about":[{"href":"https:\/\/www.thomashauser.cn\/de\/wp-json\/wp\/v2\/types\/product"}],"wp:featuredmedia":[{"embeddable":true,"href":"https:\/\/www.thomashauser.cn\/de\/wp-json\/wp\/v2\/media\/13849"}],"wp:attachment":[{"href":"https:\/\/www.thomashauser.cn\/de\/wp-json\/wp\/v2\/media?parent=23114"}],"wp:term":[{"taxonomy":"product_brand","embeddable":true,"href":"https:\/\/www.thomashauser.cn\/de\/wp-json\/wp\/v2\/product_brand?post=23114"},{"taxonomy":"product_cat","embeddable":true,"href":"https:\/\/www.thomashauser.cn\/de\/wp-json\/wp\/v2\/product_cat?post=23114"},{"taxonomy":"product_tag","embeddable":true,"href":"https:\/\/www.thomashauser.cn\/de\/wp-json\/wp\/v2\/product_tag?post=23114"}],"curies":[{"name":"wp","href":"https:\/\/api.w.org\/{rel}","templated":true}]}}