{"id":24082,"date":"2021-08-03T19:25:47","date_gmt":"2021-08-03T19:25:47","guid":{"rendered":"https:\/\/www.thomashauser.cn\/product\/ti_mk_07\/"},"modified":"2021-10-29T14:20:40","modified_gmt":"2021-10-29T14:20:40","slug":"ti_mk_07","status":"publish","type":"product","link":"https:\/\/www.thomashauser.cn\/de\/produkt\/ti_mk_07\/","title":{"rendered":"TI_MK_07"},"content":{"rendered":"<p>Die Manschettenkn\u00f6pfe sind aus unverw\u00fcstlichem Titan, kombiniert mit 18 kar\u00e4tigem Gold \u2013 je nach Modell in Weissgold, Gelbgold oder Ros\u00e9gold, gefertigt. <\/p>\n<p>Ausgangspunkt bildet ein ein runder, sinnlich anmutender Grundk\u00f6rper der durch zwei \u00fcbereinanderliegende und aufgrund von Farbe und Material sehr kontrastierenden Fl\u00e4chen aufgebaut ist: eine mit Durchbr\u00fcchen versehene stark texturierte Oberfl\u00e4che aus Titan und die darunterliegende, auf Hochglanz polierte Goldfl\u00e4che. <\/p>\n<p>Nur durch die Durchbr\u00fcche in der dunkelgrauen Titanfl\u00e4che, die der Zeichnung einer optischen Illusion angelegt sind, wird die darunter liegende Goldfl\u00e4che sichtbar. Das Zusammenspiel der zwei Fl\u00e4chen, der Oberfl\u00e4chen und Materialien und der Muster der Durchbr\u00fcche erm\u00f6glichen eine sich st\u00e4ndig ver\u00e4ndernde Anmutung der Cufflinks: einmal ziehen sie alle Aufmerksamkeit auf sich und leuchten durch den Raum, dann wiederum ziehen sie sich zur\u00fcck warten darauf entdeckt zu werden.<\/p>\n<p>Die runde Geometrie und in beide Richtungen schnappende Verschlussbalken gew\u00e4hrleisten dar\u00fcber hinaus ein sehr angenehme und einfaches An -und Ausziehen Handhabung und einen perfekten Sitz an der Manschette.<\/p>\n","protected":false},"excerpt":{"rendered":"<p>Die Manschettenkn\u00f6pfe sind aus unverw\u00fcstlichem Titan, kombiniert mit 18 kar\u00e4tigem Gold \u2013 je nach Modell in Weissgold, Gelbgold oder Ros\u00e9gold, gefertigt. Ausgangspunkt bildet ein ein runder, sinnlich anmutender Grundk\u00f6rper der durch zwei \u00fcbereinanderliegende und aufgrund von Farbe und Material sehr kontrastierenden Fl\u00e4chen aufgebaut ist: eine mit Durchbr\u00fcchen versehene stark texturierte Oberfl\u00e4che aus Titan und die [&hellip;]<\/p>\n","protected":false},"featured_media":16789,"template":"","meta":[],"product_brand":[],"product_cat":[253],"product_tag":[],"class_list":{"0":"post-24082","1":"product","2":"type-product","3":"status-publish","4":"has-post-thumbnail","6":"product_cat-tittles-de","8":"first","9":"instock","10":"taxable","11":"shipping-taxable","12":"purchasable","13":"product-type-variable"},"_links":{"self":[{"href":"https:\/\/www.thomashauser.cn\/de\/wp-json\/wp\/v2\/product\/24082","targetHints":{"allow":["GET"]}}],"collection":[{"href":"https:\/\/www.thomashauser.cn\/de\/wp-json\/wp\/v2\/product"}],"about":[{"href":"https:\/\/www.thomashauser.cn\/de\/wp-json\/wp\/v2\/types\/product"}],"wp:featuredmedia":[{"embeddable":true,"href":"https:\/\/www.thomashauser.cn\/de\/wp-json\/wp\/v2\/media\/16789"}],"wp:attachment":[{"href":"https:\/\/www.thomashauser.cn\/de\/wp-json\/wp\/v2\/media?parent=24082"}],"wp:term":[{"taxonomy":"product_brand","embeddable":true,"href":"https:\/\/www.thomashauser.cn\/de\/wp-json\/wp\/v2\/product_brand?post=24082"},{"taxonomy":"product_cat","embeddable":true,"href":"https:\/\/www.thomashauser.cn\/de\/wp-json\/wp\/v2\/product_cat?post=24082"},{"taxonomy":"product_tag","embeddable":true,"href":"https:\/\/www.thomashauser.cn\/de\/wp-json\/wp\/v2\/product_tag?post=24082"}],"curies":[{"name":"wp","href":"https:\/\/api.w.org\/{rel}","templated":true}]}}