{"id":25093,"date":"2021-03-10T17:13:54","date_gmt":"2021-03-10T17:13:54","guid":{"rendered":"https:\/\/www.thomashauser.cn\/product\/ring-mc_02\/"},"modified":"2022-11-22T23:23:59","modified_gmt":"2022-11-22T22:23:59","slug":"ring-mc_02","status":"publish","type":"product","link":"https:\/\/www.thomashauser.cn\/de\/produkt\/ring-mc_02\/","title":{"rendered":"Ring MC_02"},"content":{"rendered":"<p>Schwarze Diamanten unterschiedlicher Gr\u00f6\u00dfe f\u00fcgen sich wie eine perfekte kristalline Struktur zu einer dicht besetzten Oberfl\u00e4che. F\u00fcnf Ringe bilden die Serie von Massive Champagne. Schwarzer Diamant trifft hier auf schwarzes Metall.<\/p>\n<p>Niellium wird zum Tr\u00e4germaterial f\u00fcr die in pav\u00e9 gefassten Edelsteine und tritt auch selbst in Szene. Die Steine besetzen nicht den gesamten Ring, sondern konzentrieren sich auf asymmetrische, begrenzte Felder, deren Form und Ausdehnung von Ring zu Ring variieren und jedem eine weitere Dimension verleihen.<\/p>\n<p>So zur\u00fcckhaltend und vornehm die Kollektion auf den ersten Blick wirkt, umso verf\u00fchrerischer wird der n\u00e4here Blick auf die Kleinodien.<\/p>\n<p>Die dunkel funkelnden Zonen t\u00e4uschen das Auge mit nur scheinbaren Parallelen und Perspektiven. Die einzelnen Diamanten gehen auf im System, sie werden zu scheinbar fl\u00fcchtigen Ph\u00e4nomenen wie perlender Tau unter dem Mondlicht.<\/p>\n<p>Die kleinsten Bl\u00e4schen steigen im Champagner auf, dies unterscheidet ihn von anderem Perlwein. Die Perle wird metaphorisch ins Getr\u00e4nk importiert und zum Verb verwandelt, auch das \u201esparkling\u201c der funkelnde Edelstein wird als Sinnbild herangezogen.<\/p>\n<p>Der Name \u201eMassive Champagne\u201c erwirkt einen R\u00fcckimport der beiden Schmuckmetaphern aus dem Getr\u00e4nk in die Goldschmiedekunst. Die Reflexe des schwarzen Rings verkn\u00fcpft er mit Glamour und Fest.<\/p>\n","protected":false},"excerpt":{"rendered":"<p>Schwarze Diamanten unterschiedlicher Gr\u00f6\u00dfe f\u00fcgen sich wie eine perfekte kristalline Struktur zu einer dicht besetzten Oberfl\u00e4che. F\u00fcnf Ringe bilden die Serie von Massive Champagne. Schwarzer Diamant trifft hier auf schwarzes Metall. Niellium wird zum Tr\u00e4germaterial f\u00fcr die in pav\u00e9 gefassten Edelsteine und tritt auch selbst in Szene. Die Steine besetzen nicht den gesamten Ring, sondern [&hellip;]<\/p>\n","protected":false},"featured_media":7755,"template":"","meta":[],"product_brand":[],"product_cat":[248],"product_tag":[],"class_list":{"0":"post-25093","1":"product","2":"type-product","3":"status-publish","4":"has-post-thumbnail","6":"product_cat-massive-champagne-de","8":"first","9":"instock","10":"taxable","11":"shipping-taxable","12":"purchasable","13":"product-type-variable"},"_links":{"self":[{"href":"https:\/\/www.thomashauser.cn\/de\/wp-json\/wp\/v2\/product\/25093","targetHints":{"allow":["GET"]}}],"collection":[{"href":"https:\/\/www.thomashauser.cn\/de\/wp-json\/wp\/v2\/product"}],"about":[{"href":"https:\/\/www.thomashauser.cn\/de\/wp-json\/wp\/v2\/types\/product"}],"wp:featuredmedia":[{"embeddable":true,"href":"https:\/\/www.thomashauser.cn\/de\/wp-json\/wp\/v2\/media\/7755"}],"wp:attachment":[{"href":"https:\/\/www.thomashauser.cn\/de\/wp-json\/wp\/v2\/media?parent=25093"}],"wp:term":[{"taxonomy":"product_brand","embeddable":true,"href":"https:\/\/www.thomashauser.cn\/de\/wp-json\/wp\/v2\/product_brand?post=25093"},{"taxonomy":"product_cat","embeddable":true,"href":"https:\/\/www.thomashauser.cn\/de\/wp-json\/wp\/v2\/product_cat?post=25093"},{"taxonomy":"product_tag","embeddable":true,"href":"https:\/\/www.thomashauser.cn\/de\/wp-json\/wp\/v2\/product_tag?post=25093"}],"curies":[{"name":"wp","href":"https:\/\/api.w.org\/{rel}","templated":true}]}}